{"id":3264,"date":"2025-01-08T17:12:20","date_gmt":"2025-01-08T17:12:20","guid":{"rendered":"https:\/\/myriaformosa.com\/?page_id=3264"},"modified":"2025-01-08T17:19:53","modified_gmt":"2025-01-08T17:19:53","slug":"politica-de-cookies","status":"publish","type":"page","link":"https:\/\/myriaformosa.com\/pt\/politica-de-cookies\/","title":{"rendered":"Pol\u00edtica de Cookies"},"content":{"rendered":"\t\t<div data-elementor-type=\"wp-page\" data-elementor-id=\"3264\" class=\"elementor elementor-3264\" data-elementor-post-type=\"page\">\n\t\t\t\t<div class=\"elementor-element elementor-element-f243b65 e-flex e-con-boxed e-con e-parent\" data-id=\"f243b65\" data-element_type=\"container\" data-settings=\"{&quot;background_background&quot;:&quot;classic&quot;}\">\n\t\t\t\t\t<div class=\"e-con-inner\">\n\t\t\t\t\t<\/div>\n\t\t\t\t<\/div>\n\t\t<div class=\"elementor-element elementor-element-8cfd0d3 e-flex e-con-boxed e-con e-parent\" data-id=\"8cfd0d3\" data-element_type=\"container\">\n\t\t\t\t\t<div class=\"e-con-inner\">\n\t\t<div class=\"elementor-element elementor-element-a2d9893 e-con-full e-flex e-con e-child\" data-id=\"a2d9893\" data-element_type=\"container\">\n\t\t\t\t<div class=\"elementor-element elementor-element-2e1cd6d elementor-widget elementor-widget-heading\" data-id=\"2e1cd6d\" data-element_type=\"widget\" data-widget_type=\"heading.default\">\n\t\t\t\t<div class=\"elementor-widget-container\">\n\t\t\t<h1 class=\"elementor-heading-title elementor-size-default\">Pol\u00edtica de Cookies<\/h1>\t\t<\/div>\n\t\t\t\t<\/div>\n\t\t\t\t<div class=\"elementor-element elementor-element-94405a3 elementor-widget elementor-widget-text-editor\" data-id=\"94405a3\" data-element_type=\"widget\" data-widget_type=\"text-editor.default\">\n\t\t\t\t<div class=\"elementor-widget-container\">\n\t\t\t\t\t\t\t<p>O nosso site utiliza cookies para distingui-lo de outros utilizadores do nosso site. Isso ajuda-nos a proporcionar-lhe uma boa experi\u00eancia ao navegar no nosso site e tamb\u00e9m permite a sua melhoria.<\/p>\t\t\t\t\t\t<\/div>\n\t\t\t\t<\/div>\n\t\t\t\t<div class=\"elementor-element elementor-element-8179a38 elementor-widget elementor-widget-image\" data-id=\"8179a38\" data-element_type=\"widget\" data-widget_type=\"image.default\">\n\t\t\t\t<div class=\"elementor-widget-container\">\n\t\t\t\t\t\t\t\t\t\t\t\t\t<img fetchpriority=\"high\" decoding=\"async\" width=\"996\" height=\"367\" src=\"https:\/\/myriaformosa.com\/wp-content\/uploads\/2024\/12\/privacy_policy_intro_fixed.jpg\" class=\"attachment-full size-full wp-image-1843\" alt=\"\" srcset=\"https:\/\/myriaformosa.com\/wp-content\/uploads\/2024\/12\/privacy_policy_intro_fixed.jpg 996w, https:\/\/myriaformosa.com\/wp-content\/uploads\/2024\/12\/privacy_policy_intro_fixed-300x111.jpg 300w, https:\/\/myriaformosa.com\/wp-content\/uploads\/2024\/12\/privacy_policy_intro_fixed-768x283.jpg 768w\" sizes=\"(max-width: 996px) 100vw, 996px\" \/>\t\t\t\t\t\t\t\t\t\t\t\t\t<\/div>\n\t\t\t\t<\/div>\n\t\t\t\t<\/div>\n\t\t\t\t\t<\/div>\n\t\t\t\t<\/div>\n\t\t<div class=\"elementor-element elementor-element-e58f36a e-flex e-con-boxed e-con e-parent\" data-id=\"e58f36a\" data-element_type=\"container\" data-settings=\"{&quot;background_background&quot;:&quot;classic&quot;}\">\n\t\t\t\t\t<div class=\"e-con-inner\">\n\t\t<div class=\"elementor-element elementor-element-f44a28f e-con-full e-flex e-con e-child\" data-id=\"f44a28f\" data-element_type=\"container\">\n\t\t\t\t<div class=\"elementor-element elementor-element-d8c897d elementor-widget elementor-widget-heading\" data-id=\"d8c897d\" data-element_type=\"widget\" data-widget_type=\"heading.default\">\n\t\t\t\t<div class=\"elementor-widget-container\">\n\t\t\t<h4 class=\"elementor-heading-title elementor-size-default\">Como utilizamos os cookies<\/h4>\t\t<\/div>\n\t\t\t\t<\/div>\n\t\t\t\t<div class=\"elementor-element elementor-element-fd85241 privacy_policy_text elementor-widget elementor-widget-text-editor\" data-id=\"fd85241\" data-element_type=\"widget\" data-widget_type=\"text-editor.default\">\n\t\t\t\t<div class=\"elementor-widget-container\">\n\t\t\t\t\t\t\t<p>No site da My Ria Formosa, os cookies s\u00e3o utilizados \u200b\u200bpara melhorar o desempenho e a experi\u00eancia de navega\u00e7\u00e3o dos nossos utilizadores de duas maneiras, aumentando a velocidade e efici\u00eancia de resposta e eliminando a necessidade de inserir repetidamente as mesmas informa\u00e7\u00f5es. A coloca\u00e7\u00e3o de cookies n\u00e3o s\u00f3 ajuda o site a reconhecer o seu dispositivo na pr\u00f3xima vez que nos visitar, mas tamb\u00e9m \u00e9 essencial para o seu desempenho. Os cookies utilizados pela My Ria Formosa n\u00e3o recolhem informa\u00e7\u00e3o pessoal que permita a identifica\u00e7\u00e3o do utilizador, apenas guardam informa\u00e7\u00e3o gen\u00e9rica, nomeadamente a forma e \/ ou local de acesso do utilizador e a forma como utiliza o Site. Os cookies ret\u00eam apenas informa\u00e7\u00f5es relacionadas \u00e0s prefer\u00eancias do utilizador.<\/p><p><strong>Cookies de sess\u00e3o<\/strong><br \/>S\u00e3o cookies tempor\u00e1rios que permanecem no arquivo de cookies do navegador at\u00e9 que o utilizador saia da p\u00e1gina web, portanto, n\u00e3o h\u00e1 registo no disco r\u00edgido do utilizador. As informa\u00e7\u00f5es recolhidas por esses cookies servem para analisar os padr\u00f5es de tr\u00e1fego do site. Em \u00faltima an\u00e1lise, isso permite-nos melhorar o conte\u00fado e melhorar a usabilidade do site.<\/p><p><strong>Cookies de an\u00e1lise<\/strong><br \/>S\u00e3o aqueles que podem ser tratados por n\u00f3s ou por aplica\u00e7\u00f5es \/ plataformas de terceiros, permitindo-nos quantificar o n\u00famero de utilizadores e efetuar medi\u00e7\u00f5es e an\u00e1lises estat\u00edsticas de como o servi\u00e7o oferecido \u00e9 utilizado. Examinamos a sua navega\u00e7\u00e3o no nosso site, de forma a melhorar a maneira como os nossos produtos e servi\u00e7os s\u00e3o apresentados ao utilizador.<\/p>\t\t\t\t\t\t<\/div>\n\t\t\t\t<\/div>\n\t\t\t\t<div class=\"elementor-element elementor-element-a2e3a08 elementor-widget elementor-widget-heading\" data-id=\"a2e3a08\" data-element_type=\"widget\" data-widget_type=\"heading.default\">\n\t\t\t\t<div class=\"elementor-widget-container\">\n\t\t\t<h4 class=\"elementor-heading-title elementor-size-default\">Cookies que utilizamos<\/h4>\t\t<\/div>\n\t\t\t\t<\/div>\n\t\t\t\t<div class=\"elementor-element elementor-element-679c74f privacy_policy_text elementor-widget elementor-widget-text-editor\" data-id=\"679c74f\" data-element_type=\"widget\" data-widget_type=\"text-editor.default\">\n\t\t\t\t<div class=\"elementor-widget-container\">\n\t\t\t\t\t\t\t<p><strong>Cookies estritamente necess\u00e1rios<\/strong><br \/>Abaixo, listamos os diferentes tipos de cookies que podemos utilizar no nosso site. Esses Cookies s\u00e3o essenciais para My Ria Formosa a fim de facilitar a nossa autentica\u00e7\u00e3o e permitir que navegue e use os recursos do nosso Site. Sem esses cookies, certas p\u00e1ginas da web e recursos do site podem n\u00e3o ser apresentados corretamente e o site da My Ria Formosa n\u00e3o funcionar\u00e1 t\u00e3o bem quanto gostar\u00edamos.<\/p><p>Os cookies estritamente necess\u00e1rios no site da My Ria Formosa podem incluir:<\/p><ul><li>ARRAffinity<br \/><ul><li>Este \u00e9 usado para balanceamento da carga para garantir que as solicita\u00e7\u00f5es da p\u00e1gina do visitante sejam encaminhadas para o mesmo servidor em qualquer sess\u00e3o de navega\u00e7\u00e3o.<\/li><\/ul><\/li><li>\u00a0ApplicationGatewayAffinity<br \/><ul><li>Controlador da carga de tr\u00e1fego web que permite o gerenciamento de tr\u00e1fego de aplicativos da web.<\/li><\/ul><\/li><li>Csrftoken<br \/><ul><li>Este serve para ajudar a proteger um site contra um tipo espec\u00edfico de ataque de software em formul\u00e1rios da web.<\/li><\/ul><\/li><li>Sessionid<br \/><ul><li>Identificador de sess\u00e3o an\u00f3nima.<\/li><\/ul><\/li><li>Cookieconsent_status<br \/><ul><li>Armazena informa\u00e7\u00f5es de consentimento de cookies.<br \/><br \/><\/li><\/ul><\/li><\/ul><p><strong>Cookies de an\u00e1lise<\/strong><br \/>N\u00f3s e os nossos fornecedores de servi\u00e7os podemos utilizar Cookies de an\u00e1lise (ou cookies de desempenho) para recolher informa\u00e7\u00f5es sobre a utiliza\u00e7\u00e3o do site da My Ria Formosa para ajudar a criar relat\u00f3rios e estat\u00edsticas sobre o desempenho do site que nos permitem melhorar a forma como eles funcionam. Os cookies do Analytics recolhem informa\u00e7\u00f5es como o endere\u00e7o IP, tipo de dispositivo, sistema operacional, URLs de refer\u00eancia, informa\u00e7\u00f5es do pa\u00eds, data e hora das visitas \u00e0s p\u00e1ginas e p\u00e1ginas visitadas. As informa\u00e7\u00f5es permitem-nos contar o tamanho do nosso p\u00fablico, ver os padr\u00f5es gerais de utiliza\u00e7\u00e3o no site da My Ria Formosa, ajudar-nos a registar quaisquer dificuldades que tenha com o nosso site e mostrar-nos se a nossa publicidade \u00e9 eficaz ou n\u00e3o.<\/p><p><strong>Google DoubleClick Google Adsense<\/strong><\/p><ul><li><a href=\"http:\/\/www.google.com\/intl\/en\/policies\/privacy\/partners\/\" target=\"_blank\" rel=\"noopener\">http:\/\/www.google.com\/intl\/en\/policies\/privacy\/partners\/<\/a><br \/><br \/><\/li><\/ul><p><strong>LinkedIn Insights e Ads Tags<\/strong><\/p><ul><li><a href=\"https:\/\/www.linkedin.com\/legal\/cookie-table\" target=\"_blank\" rel=\"noopener\">https:\/\/www.linkedin.com\/legal\/cookie-table<\/a><br \/><br \/><\/li><\/ul><p><strong>Os seus cookies<\/strong><br \/>Para navegar na web e em particular no site da My Ria Formosa, deve ter o seu navegador de Internet preparado para receber cookies. Os navegadores mais conhecidos s\u00e3o:<\/p><ul><li>Internet Explorer<\/li><li>Firefox<\/li><li>Safari<\/li><li>Google Chrome<\/li><li>Opera<br \/><br \/><\/li><\/ul><p>Pode optar por n\u00e3o permitir os cookies e ainda assim navegar no nosso site, no entanto, deve estar ciente de que, ao n\u00e3o permitir a utiliza\u00e7\u00e3o de cookies, certas p\u00e1ginas da web e recursos do site podem n\u00e3o ser apresentados corretamente.<\/p><p><strong>Cookies de terceiros<\/strong><br \/>Os cookies prim\u00e1rios s\u00e3o colocados e originados do mesmo dom\u00ednio do site que est\u00e1 a visitar (neste caso, <a href=\"https:\/\/www.myriaformosa.com\/\">https:\/\/www.myriaformosa.com\/<\/a>).<\/p><p>Os cookies de terceiros t\u00eam uma origem diferente e podem ser identificados pelo dom\u00ednio diferente que gera esse cookie. Esses cookies t\u00eam um dom\u00ednio diferente do site que est\u00e1 a visitar. Por exemplo, quando visita o nosso site, podemos nos vincular a um site de outra empresa \u2013 como a sua conta do Facebook ou Twitter ou um v\u00eddeo do YouTube na nossa p\u00e1gina.<br \/><br \/>Portanto, quando, por exemplo, uma rede social faz um \u201cTweet\u201d ou \u201cLike\u201d num telem\u00f3vel apresentado no nosso site, essas redes sociais podem colocar cookies no seu computador. N\u00e3o controlamos como esses cookies s\u00e3o utilizados \u200b\u200be sugerimos que confirme nos respetivos sites como eles s\u00e3o utilizados \u200b\u200be como os pode gerir.<\/p>\t\t\t\t\t\t<\/div>\n\t\t\t\t<\/div>\n\t\t\t\t<div class=\"elementor-element elementor-element-ce1d592 elementor-widget elementor-widget-heading\" data-id=\"ce1d592\" data-element_type=\"widget\" data-widget_type=\"heading.default\">\n\t\t\t\t<div class=\"elementor-widget-container\">\n\t\t\t<h4 class=\"elementor-heading-title elementor-size-default\">Controle de Cookies<\/h4>\t\t<\/div>\n\t\t\t\t<\/div>\n\t\t\t\t<div class=\"elementor-element elementor-element-4e83ccc privacy_policy_text elementor-widget elementor-widget-text-editor\" data-id=\"4e83ccc\" data-element_type=\"widget\" data-widget_type=\"text-editor.default\">\n\t\t\t\t<div class=\"elementor-widget-container\">\n\t\t\t\t\t\t\t<p>Pode controlar a utiliza\u00e7\u00e3o de cookies no seu navegador.<\/p><p>Desative e \/ ou exclua cookies no seu navegador.<br \/>Alternativamente e \/ ou adicionalmente, pode alterar as suas configura\u00e7\u00f5es de cookies no navegador da Internet. O seu navegador de Internet permite que altere as suas configura\u00e7\u00f5es de cookies. Essas configura\u00e7\u00f5es de cookies no navegador s\u00e3o normalmente encontradas no menu \u201cOp\u00e7\u00f5es\u201d ou \u201cPrefer\u00eancias\u201d do navegador da Internet. Tamb\u00e9m pode consultar o menu \u201cajuda\u201d do navegador. Navegadores diferentes podem utilizar v\u00e1rios mecanismos para desativar os cookies. Consulte os links abaixo para obter mais informa\u00e7\u00f5es sobre como gerir as suas configura\u00e7\u00f5es de cookies:<\/p><ul><li>Configura\u00e7\u00f5es de cookies no Internet Explorer<\/li><li>Configura\u00e7\u00f5es de cookies no Firefox<\/li><li>Configura\u00e7\u00f5es de cookies no Chrome<\/li><li>Configura\u00e7\u00f5es de cookies no Safari<br \/><br \/><\/li><\/ul><p>Em rela\u00e7\u00e3o \u00e0s configura\u00e7\u00f5es do navegador para elimina\u00e7\u00e3o de cookies antigos, os mesmos princ\u00edpios aplicam-se \u00e0 desativa\u00e7\u00e3o de novos cookies nas configura\u00e7\u00f5es do navegador. Siga as orienta\u00e7\u00f5es para o seu navegador, conforme descrito acima.<\/p><p>Existem ferramentas dispon\u00edveis online para limpar todos os cookies deixados pelos sites que visitou, como <a href=\"http:\/\/www.allaboutcookies.org\" target=\"_blank\" rel=\"noopener\">www.allaboutcookies.org<\/a>.<\/p><p>Quando visita este site de computadores diferentes, \u00e9 necess\u00e1rio repetir a altera\u00e7\u00e3o das suas configura\u00e7\u00f5es de cookies.<\/p><p>Se alterar as configura\u00e7\u00f5es de cookies do seu navegador, a sua experi\u00eancia connosco n\u00e3o ser\u00e1 monitorizada. Informa\u00e7\u00f5es sobre o controle e exclus\u00e3o de cookies tamb\u00e9m est\u00e3o dispon\u00edveis em <a href=\"http:\/\/www.allaboutcookies.org\" target=\"_blank\" rel=\"noopener\">www.allaboutcookies.org<\/a>.<\/p>\t\t\t\t\t\t<\/div>\n\t\t\t\t<\/div>\n\t\t\t\t<\/div>\n\t\t\t\t\t<\/div>\n\t\t\t\t<\/div>\n\t\t\t\t<\/div>\n\t\t","protected":false},"excerpt":{"rendered":"<p>Pol\u00edtica de Cookies O nosso site utiliza cookies para distingui-lo de outros utilizadores do nosso site. Isso ajuda-nos a proporcionar-lhe uma boa experi\u00eancia ao navegar no nosso site e tamb\u00e9m permite a sua melhoria. Como utilizamos os cookies No site da My Ria Formosa, os cookies s\u00e3o utilizados \u200b\u200bpara melhorar o desempenho e a experi\u00eancia [&hellip;]<\/p>\n","protected":false},"author":2,"featured_media":195,"parent":0,"menu_order":0,"comment_status":"closed","ping_status":"closed","template":"elementor_header_footer","meta":{"footnotes":""},"class_list":["post-3264","page","type-page","status-publish","has-post-thumbnail","hentry"],"yoast_head":"<!-- This site is optimized with the Yoast SEO Premium plugin v20.5 (Yoast SEO v23.8) - https:\/\/yoast.com\/wordpress\/plugins\/seo\/ -->\n<title>Ria Formosa: uma das 7 Maravilhas Naturais de Portugal<\/title>\n<meta name=\"description\" content=\"Bem-vindo \u00e0 Ria Formosa - uma das sete maravilhas naturais de Portugal que cativa o visitante com as suas paisagens deslumbrantes, praias de areia branca, ilhas barreira, \u00e1guas cristalinas, biodiversidade e cultura \u00fanicas.\" \/>\n<meta name=\"robots\" content=\"index, follow, max-snippet:-1, max-image-preview:large, max-video-preview:-1\" \/>\n<link rel=\"canonical\" href=\"https:\/\/myriaformosa.com\/pt\/politica-de-cookies\/\" \/>\n<meta property=\"og:locale\" content=\"pt_PT\" \/>\n<meta property=\"og:type\" content=\"article\" \/>\n<meta property=\"og:title\" content=\"Pol\u00edtica de Cookies\" \/>\n<meta property=\"og:description\" content=\"Bem-vindo \u00e0 Ria Formosa - uma das sete maravilhas naturais de Portugal que cativa o visitante com as suas paisagens deslumbrantes, praias de areia branca, ilhas barreira, \u00e1guas cristalinas, biodiversidade e cultura \u00fanicas.\" \/>\n<meta property=\"og:url\" content=\"https:\/\/myriaformosa.com\/pt\/politica-de-cookies\/\" \/>\n<meta property=\"og:site_name\" content=\"myriaformosa\" \/>\n<meta property=\"article:modified_time\" content=\"2025-01-08T17:19:53+00:00\" \/>\n<meta property=\"og:image\" content=\"https:\/\/myriaformosa.com\/wp-content\/uploads\/2024\/11\/ria_formosa_thumbnail.png\" \/>\n\t<meta property=\"og:image:width\" content=\"200\" \/>\n\t<meta property=\"og:image:height\" content=\"200\" \/>\n\t<meta property=\"og:image:type\" content=\"image\/png\" \/>\n<meta name=\"twitter:card\" content=\"summary_large_image\" \/>\n<meta name=\"twitter:label1\" content=\"Est. reading time\" \/>\n\t<meta name=\"twitter:data1\" content=\"6 minutos\" \/>\n<script type=\"application\/ld+json\" class=\"yoast-schema-graph\">{\"@context\":\"https:\/\/schema.org\",\"@graph\":[{\"@type\":\"WebPage\",\"@id\":\"https:\/\/myriaformosa.com\/politica-de-cookies\/\",\"url\":\"https:\/\/myriaformosa.com\/politica-de-cookies\/\",\"name\":\"Ria Formosa: uma das 7 Maravilhas Naturais de Portugal\",\"isPartOf\":{\"@id\":\"https:\/\/myriaformosa.com\/#website\"},\"primaryImageOfPage\":{\"@id\":\"https:\/\/myriaformosa.com\/politica-de-cookies\/#primaryimage\"},\"image\":{\"@id\":\"https:\/\/myriaformosa.com\/politica-de-cookies\/#primaryimage\"},\"thumbnailUrl\":\"https:\/\/myriaformosa.com\/wp-content\/uploads\/2024\/11\/ria_formosa_thumbnail.png\",\"datePublished\":\"2025-01-08T17:12:20+00:00\",\"dateModified\":\"2025-01-08T17:19:53+00:00\",\"description\":\"Bem-vindo \u00e0 Ria Formosa - uma das sete maravilhas naturais de Portugal que cativa o visitante com as suas paisagens deslumbrantes, praias de areia branca, ilhas barreira, \u00e1guas cristalinas, biodiversidade e cultura \u00fanicas.\",\"breadcrumb\":{\"@id\":\"https:\/\/myriaformosa.com\/politica-de-cookies\/#breadcrumb\"},\"inLanguage\":\"pt-PT\",\"potentialAction\":[{\"@type\":\"ReadAction\",\"target\":[\"https:\/\/myriaformosa.com\/politica-de-cookies\/\"]}]},{\"@type\":\"ImageObject\",\"inLanguage\":\"pt-PT\",\"@id\":\"https:\/\/myriaformosa.com\/politica-de-cookies\/#primaryimage\",\"url\":\"https:\/\/myriaformosa.com\/wp-content\/uploads\/2024\/11\/ria_formosa_thumbnail.png\",\"contentUrl\":\"https:\/\/myriaformosa.com\/wp-content\/uploads\/2024\/11\/ria_formosa_thumbnail.png\",\"width\":200,\"height\":200},{\"@type\":\"BreadcrumbList\",\"@id\":\"https:\/\/myriaformosa.com\/politica-de-cookies\/#breadcrumb\",\"itemListElement\":[{\"@type\":\"ListItem\",\"position\":1,\"name\":\"Home\",\"item\":\"https:\/\/myriaformosa.com\/\"},{\"@type\":\"ListItem\",\"position\":2,\"name\":\"Pol\u00edtica de Cookies\"}]},{\"@type\":\"WebSite\",\"@id\":\"https:\/\/myriaformosa.com\/#website\",\"url\":\"https:\/\/myriaformosa.com\/\",\"name\":\"myriaformosa\",\"description\":\"Ria Formosa: uma das 7 Maravilhas Naturais de Portugal\",\"publisher\":{\"@id\":\"https:\/\/myriaformosa.com\/#organization\"},\"potentialAction\":[{\"@type\":\"SearchAction\",\"target\":{\"@type\":\"EntryPoint\",\"urlTemplate\":\"https:\/\/myriaformosa.com\/?s={search_term_string}\"},\"query-input\":{\"@type\":\"PropertyValueSpecification\",\"valueRequired\":true,\"valueName\":\"search_term_string\"}}],\"inLanguage\":\"pt-PT\"},{\"@type\":\"Organization\",\"@id\":\"https:\/\/myriaformosa.com\/#organization\",\"name\":\"myriaformosa\",\"url\":\"https:\/\/myriaformosa.com\/\",\"logo\":{\"@type\":\"ImageObject\",\"inLanguage\":\"pt-PT\",\"@id\":\"https:\/\/myriaformosa.com\/#\/schema\/logo\/image\/\",\"url\":\"https:\/\/myriaformosa.com\/wp-content\/uploads\/2024\/11\/ria_formosa_header_logo.png\",\"contentUrl\":\"https:\/\/myriaformosa.com\/wp-content\/uploads\/2024\/11\/ria_formosa_header_logo.png\",\"width\":188,\"height\":56,\"caption\":\"myriaformosa\"},\"image\":{\"@id\":\"https:\/\/myriaformosa.com\/#\/schema\/logo\/image\/\"}}]}<\/script>\n<!-- \/ Yoast SEO Premium plugin. -->","yoast_head_json":{"title":"Ria Formosa: uma das 7 Maravilhas Naturais de Portugal","description":"Bem-vindo \u00e0 Ria Formosa - uma das sete maravilhas naturais de Portugal que cativa o visitante com as suas paisagens deslumbrantes, praias de areia branca, ilhas barreira, \u00e1guas cristalinas, biodiversidade e cultura \u00fanicas.","robots":{"index":"index","follow":"follow","max-snippet":"max-snippet:-1","max-image-preview":"max-image-preview:large","max-video-preview":"max-video-preview:-1"},"canonical":"https:\/\/myriaformosa.com\/pt\/politica-de-cookies\/","og_locale":"pt_PT","og_type":"article","og_title":"Pol\u00edtica de Cookies","og_description":"Bem-vindo \u00e0 Ria Formosa - uma das sete maravilhas naturais de Portugal que cativa o visitante com as suas paisagens deslumbrantes, praias de areia branca, ilhas barreira, \u00e1guas cristalinas, biodiversidade e cultura \u00fanicas.","og_url":"https:\/\/myriaformosa.com\/pt\/politica-de-cookies\/","og_site_name":"myriaformosa","article_modified_time":"2025-01-08T17:19:53+00:00","og_image":[{"width":200,"height":200,"url":"https:\/\/myriaformosa.com\/wp-content\/uploads\/2024\/11\/ria_formosa_thumbnail.png","type":"image\/png"}],"twitter_card":"summary_large_image","twitter_misc":{"Est. reading time":"6 minutos"},"schema":{"@context":"https:\/\/schema.org","@graph":[{"@type":"WebPage","@id":"https:\/\/myriaformosa.com\/politica-de-cookies\/","url":"https:\/\/myriaformosa.com\/politica-de-cookies\/","name":"Ria Formosa: uma das 7 Maravilhas Naturais de Portugal","isPartOf":{"@id":"https:\/\/myriaformosa.com\/#website"},"primaryImageOfPage":{"@id":"https:\/\/myriaformosa.com\/politica-de-cookies\/#primaryimage"},"image":{"@id":"https:\/\/myriaformosa.com\/politica-de-cookies\/#primaryimage"},"thumbnailUrl":"https:\/\/myriaformosa.com\/wp-content\/uploads\/2024\/11\/ria_formosa_thumbnail.png","datePublished":"2025-01-08T17:12:20+00:00","dateModified":"2025-01-08T17:19:53+00:00","description":"Bem-vindo \u00e0 Ria Formosa - uma das sete maravilhas naturais de Portugal que cativa o visitante com as suas paisagens deslumbrantes, praias de areia branca, ilhas barreira, \u00e1guas cristalinas, biodiversidade e cultura \u00fanicas.","breadcrumb":{"@id":"https:\/\/myriaformosa.com\/politica-de-cookies\/#breadcrumb"},"inLanguage":"pt-PT","potentialAction":[{"@type":"ReadAction","target":["https:\/\/myriaformosa.com\/politica-de-cookies\/"]}]},{"@type":"ImageObject","inLanguage":"pt-PT","@id":"https:\/\/myriaformosa.com\/politica-de-cookies\/#primaryimage","url":"https:\/\/myriaformosa.com\/wp-content\/uploads\/2024\/11\/ria_formosa_thumbnail.png","contentUrl":"https:\/\/myriaformosa.com\/wp-content\/uploads\/2024\/11\/ria_formosa_thumbnail.png","width":200,"height":200},{"@type":"BreadcrumbList","@id":"https:\/\/myriaformosa.com\/politica-de-cookies\/#breadcrumb","itemListElement":[{"@type":"ListItem","position":1,"name":"Home","item":"https:\/\/myriaformosa.com\/"},{"@type":"ListItem","position":2,"name":"Pol\u00edtica de Cookies"}]},{"@type":"WebSite","@id":"https:\/\/myriaformosa.com\/#website","url":"https:\/\/myriaformosa.com\/","name":"myriaformosa","description":"Ria Formosa: uma das 7 Maravilhas Naturais de Portugal","publisher":{"@id":"https:\/\/myriaformosa.com\/#organization"},"potentialAction":[{"@type":"SearchAction","target":{"@type":"EntryPoint","urlTemplate":"https:\/\/myriaformosa.com\/?s={search_term_string}"},"query-input":{"@type":"PropertyValueSpecification","valueRequired":true,"valueName":"search_term_string"}}],"inLanguage":"pt-PT"},{"@type":"Organization","@id":"https:\/\/myriaformosa.com\/#organization","name":"myriaformosa","url":"https:\/\/myriaformosa.com\/","logo":{"@type":"ImageObject","inLanguage":"pt-PT","@id":"https:\/\/myriaformosa.com\/#\/schema\/logo\/image\/","url":"https:\/\/myriaformosa.com\/wp-content\/uploads\/2024\/11\/ria_formosa_header_logo.png","contentUrl":"https:\/\/myriaformosa.com\/wp-content\/uploads\/2024\/11\/ria_formosa_header_logo.png","width":188,"height":56,"caption":"myriaformosa"},"image":{"@id":"https:\/\/myriaformosa.com\/#\/schema\/logo\/image\/"}}]}},"_links":{"self":[{"href":"https:\/\/myriaformosa.com\/pt\/wp-json\/wp\/v2\/pages\/3264"}],"collection":[{"href":"https:\/\/myriaformosa.com\/pt\/wp-json\/wp\/v2\/pages"}],"about":[{"href":"https:\/\/myriaformosa.com\/pt\/wp-json\/wp\/v2\/types\/page"}],"author":[{"embeddable":true,"href":"https:\/\/myriaformosa.com\/pt\/wp-json\/wp\/v2\/users\/2"}],"replies":[{"embeddable":true,"href":"https:\/\/myriaformosa.com\/pt\/wp-json\/wp\/v2\/comments?post=3264"}],"version-history":[{"count":10,"href":"https:\/\/myriaformosa.com\/pt\/wp-json\/wp\/v2\/pages\/3264\/revisions"}],"predecessor-version":[{"id":3274,"href":"https:\/\/myriaformosa.com\/pt\/wp-json\/wp\/v2\/pages\/3264\/revisions\/3274"}],"wp:featuredmedia":[{"embeddable":true,"href":"https:\/\/myriaformosa.com\/pt\/wp-json\/wp\/v2\/media\/195"}],"wp:attachment":[{"href":"https:\/\/myriaformosa.com\/pt\/wp-json\/wp\/v2\/media?parent=3264"}],"curies":[{"name":"wp","href":"https:\/\/api.w.org\/{rel}","templated":true}]}}