{"id":3029,"date":"2025-01-04T03:38:15","date_gmt":"2025-01-04T03:38:15","guid":{"rendered":"https:\/\/myriaformosa.com\/?page_id=3029"},"modified":"2025-03-14T18:30:42","modified_gmt":"2025-03-14T18:30:42","slug":"experiencia-fuseta","status":"publish","type":"page","link":"https:\/\/myriaformosa.com\/pt\/experiencias\/experiencia-fuseta\/","title":{"rendered":"Fuseta"},"content":{"rendered":"\t\t<div data-elementor-type=\"wp-page\" data-elementor-id=\"3029\" class=\"elementor elementor-3029\" data-elementor-post-type=\"page\">\n\t\t\t\t<div class=\"elementor-element elementor-element-72b630a e-flex e-con-boxed e-con e-parent\" data-id=\"72b630a\" data-element_type=\"container\" data-settings=\"{&quot;background_background&quot;:&quot;classic&quot;}\">\n\t\t\t\t\t<div class=\"e-con-inner\">\n\t\t\t\t<div class=\"elementor-element elementor-element-1b2bfcf elementor-widget__width-initial elementor-widget-tablet__width-initial elementor-widget-mobile__width-initial elementor-widget elementor-widget-heading\" data-id=\"1b2bfcf\" data-element_type=\"widget\" data-widget_type=\"heading.default\">\n\t\t\t\t<div class=\"elementor-widget-container\">\n\t\t\t<h1 class=\"elementor-heading-title elementor-size-default\">Experi\u00eancias na Fuseta<\/h1>\t\t<\/div>\n\t\t\t\t<\/div>\n\t\t\t\t\t<\/div>\n\t\t\t\t<\/div>\n\t\t<div class=\"elementor-element elementor-element-8cfd0d3 e-flex e-con-boxed e-con e-parent\" data-id=\"8cfd0d3\" data-element_type=\"container\" data-settings=\"{&quot;background_background&quot;:&quot;classic&quot;}\">\n\t\t\t\t\t<div class=\"e-con-inner\">\n\t\t<div class=\"elementor-element elementor-element-a2d9893 e-con-full e-flex e-con e-child\" data-id=\"a2d9893\" data-element_type=\"container\">\n\t\t\t\t<div class=\"elementor-element elementor-element-e4e3506 elementor-align-left custom_bread page_bread elementor-widget elementor-widget-breadcrumbs\" data-id=\"e4e3506\" data-element_type=\"widget\" data-widget_type=\"breadcrumbs.default\">\n\t\t\t\t<div class=\"elementor-widget-container\">\n\t\t\t<p id=\"breadcrumbs\"><span><span><a href=\"https:\/\/myriaformosa.com\/\">Home<\/a><\/span><\/span><\/p>\t\t<\/div>\n\t\t\t\t<\/div>\n\t\t\t\t<div class=\"elementor-element elementor-element-2e1cd6d elementor-widget elementor-widget-heading\" data-id=\"2e1cd6d\" data-element_type=\"widget\" data-widget_type=\"heading.default\">\n\t\t\t\t<div class=\"elementor-widget-container\">\n\t\t\t<h2 class=\"elementor-heading-title elementor-size-default\">A Fuseta proporciona uma imers\u00e3o aut\u00eantica na Ria Formosa, com passeios de barco pelos canais serenos e ilhas encantadoras.<\/h2>\t\t<\/div>\n\t\t\t\t<\/div>\n\t\t\t\t<div class=\"elementor-element elementor-element-94405a3 elementor-widget elementor-widget-text-editor\" data-id=\"94405a3\" data-element_type=\"widget\" data-widget_type=\"text-editor.default\">\n\t\t\t\t<div class=\"elementor-widget-container\">\n\t\t\t\t\t\t\t<p>Alugue um caiaque para uma experi\u00eancia mais \u00edntima ou participe numa excurs\u00e3o de observa\u00e7\u00e3o de aves. Para os entusiastas da pesca, experimente uma emocionante sess\u00e3o de pesca desportiva. Relaxe e descubra a beleza natural da Fuseta \u2013 planeie j\u00e1 a sua pr\u00f3xima aventura!<\/p>\t\t\t\t\t\t<\/div>\n\t\t\t\t<\/div>\n\t\t\t\t<\/div>\n\t\t\t\t\t<\/div>\n\t\t\t\t<\/div>\n\t\t<div class=\"elementor-element elementor-element-a022311 e-flex e-con-boxed e-con e-parent\" data-id=\"a022311\" data-element_type=\"container\">\n\t\t\t\t\t<div class=\"e-con-inner\">\n\t\t<div class=\"elementor-element elementor-element-cbb4dd9 e-con-full e-flex e-con e-child\" data-id=\"cbb4dd9\" data-element_type=\"container\">\n\t\t\t\t<div class=\"elementor-element elementor-element-c994141 elementor-widget elementor-widget-heading\" data-id=\"c994141\" data-element_type=\"widget\" data-widget_type=\"heading.default\">\n\t\t\t\t<div class=\"elementor-widget-container\">\n\t\t\t<h4 class=\"elementor-heading-title elementor-size-default\">Escolha a sua Experi\u00eancia<\/h4>\t\t<\/div>\n\t\t\t\t<\/div>\n\t\t\t\t<\/div>\n\t\t\t\t<div class=\"elementor-element elementor-element-a0f6363 elementor-widget__width-inherit elementor-widget elementor-widget-html\" data-id=\"a0f6363\" data-element_type=\"widget\" data-no-translation=\"\" data-widget_type=\"html.default\">\n\t\t\t\t<div class=\"elementor-widget-container\">\n\t\t\t<style>.elementor-element-a0f6363{display:none !important}<\/style>\t\t<\/div>\n\t\t\t\t<\/div>\n\t\t\t\t<div class=\"elementor-element elementor-element-ca33110 elementor-widget__width-inherit elementor-widget elementor-widget-html\" data-id=\"ca33110\" data-element_type=\"widget\" data-no-translation=\"\" data-widget_type=\"html.default\">\n\t\t\t\t<div class=\"elementor-widget-container\">\n\t\t\t<div data-gyg-href=\"https:\/\/widget.getyourguide.com\/default\/activities.frame\" data-gyg-locale-code=\"en-US\" data-gyg-widget=\"activities\" data-gyg-number-of-items=\"12\" data-gyg-excluded-tour-ids=\"786078,798165,797914,705913,591416,620686\" data-gyg-partner-id=\"CFVXBIH\" data-gyg-q=\"Fuseta\"><span>Powered by <a target=\"_blank\" rel=\"sponsored\" href=\"https:\/\/www.getyourguide.com\/cala-fustam-l148282\/\">GetYourGuide<\/a><\/span><\/div>\t\t<\/div>\n\t\t\t\t<\/div>\n\t\t\t\t<div class=\"elementor-element elementor-element-d2848ba elementor-widget__width-inherit elementor-widget elementor-widget-html\" data-id=\"d2848ba\" data-element_type=\"widget\" data-no-translation=\"\" data-widget_type=\"html.default\">\n\t\t\t\t<div class=\"elementor-widget-container\">\n\t\t\t<style>.elementor-element-d2848ba{display:none !important}<\/style>\t\t<\/div>\n\t\t\t\t<\/div>\n\t\t\t\t<div class=\"elementor-element elementor-element-0c92f39 elementor-widget__width-inherit elementor-widget elementor-widget-html\" data-id=\"0c92f39\" data-element_type=\"widget\" data-no-translation=\"\" data-widget_type=\"html.default\">\n\t\t\t\t<div class=\"elementor-widget-container\">\n\t\t\t<style>.elementor-element-0c92f39{display:none !important}<\/style>\t\t<\/div>\n\t\t\t\t<\/div>\n\t\t\t\t<div class=\"elementor-element elementor-element-06547c9 elementor-widget__width-inherit elementor-widget elementor-widget-html\" data-id=\"06547c9\" data-element_type=\"widget\" data-no-translation=\"\" data-widget_type=\"html.default\">\n\t\t\t\t<div class=\"elementor-widget-container\">\n\t\t\t<style>.elementor-element-06547c9{display:none !important}<\/style>\t\t<\/div>\n\t\t\t\t<\/div>\n\t\t\t\t\t<\/div>\n\t\t\t\t<\/div>\n\t\t\t\t<\/div>\n\t\t","protected":false},"excerpt":{"rendered":"<p>Experi\u00eancias na Fuseta A Fuseta proporciona uma imers\u00e3o aut\u00eantica na Ria Formosa, com passeios de barco pelos canais serenos e ilhas encantadoras. Alugue um caiaque para uma experi\u00eancia mais \u00edntima ou participe numa excurs\u00e3o de observa\u00e7\u00e3o de aves. Para os entusiastas da pesca, experimente uma emocionante sess\u00e3o de pesca desportiva. Relaxe e descubra a beleza [&hellip;]<\/p>\n","protected":false},"author":2,"featured_media":4103,"parent":2622,"menu_order":4,"comment_status":"closed","ping_status":"closed","template":"elementor_header_footer","meta":{"footnotes":""},"class_list":["post-3029","page","type-page","status-publish","has-post-thumbnail","hentry"],"yoast_head":"<!-- This site is optimized with the Yoast SEO Premium plugin v20.5 (Yoast SEO v23.8) - https:\/\/yoast.com\/wordpress\/plugins\/seo\/ -->\n<title>Ria Formosa: uma das 7 Maravilhas Naturais de Portugal<\/title>\n<meta name=\"description\" content=\"Bem-vindo \u00e0 Ria Formosa - uma das sete maravilhas naturais de Portugal que cativa o visitante com as suas paisagens deslumbrantes, praias de areia branca, ilhas barreira, \u00e1guas cristalinas, biodiversidade e cultura \u00fanicas.\" \/>\n<meta name=\"robots\" content=\"index, follow, max-snippet:-1, max-image-preview:large, max-video-preview:-1\" \/>\n<link rel=\"canonical\" href=\"https:\/\/myriaformosa.com\/pt\/experiencias\/experiencia-fuseta\/\" \/>\n<meta property=\"og:locale\" content=\"pt_PT\" \/>\n<meta property=\"og:type\" content=\"article\" \/>\n<meta property=\"og:title\" content=\"Fuseta\" \/>\n<meta property=\"og:description\" content=\"Bem-vindo \u00e0 Ria Formosa - uma das sete maravilhas naturais de Portugal que cativa o visitante com as suas paisagens deslumbrantes, praias de areia branca, ilhas barreira, \u00e1guas cristalinas, biodiversidade e cultura \u00fanicas.\" \/>\n<meta property=\"og:url\" content=\"https:\/\/myriaformosa.com\/pt\/experiencias\/experiencia-fuseta\/\" \/>\n<meta property=\"og:site_name\" content=\"myriaformosa\" \/>\n<meta property=\"article:modified_time\" content=\"2025-03-14T18:30:42+00:00\" \/>\n<meta property=\"og:image\" content=\"https:\/\/myriaformosa.com\/wp-content\/uploads\/2025\/02\/card_exp_fuseta.jpg\" \/>\n\t<meta property=\"og:image:width\" content=\"387\" \/>\n\t<meta property=\"og:image:height\" content=\"355\" \/>\n\t<meta property=\"og:image:type\" content=\"image\/jpeg\" \/>\n<meta name=\"twitter:card\" content=\"summary_large_image\" \/>\n<meta name=\"twitter:label1\" content=\"Est. reading time\" \/>\n\t<meta name=\"twitter:data1\" content=\"1 minuto\" \/>\n<script type=\"application\/ld+json\" class=\"yoast-schema-graph\">{\"@context\":\"https:\/\/schema.org\",\"@graph\":[{\"@type\":\"WebPage\",\"@id\":\"https:\/\/myriaformosa.com\/pt\/experiencias\/experiencia-fuseta\/\",\"url\":\"https:\/\/myriaformosa.com\/pt\/experiencias\/experiencia-fuseta\/\",\"name\":\"Ria Formosa: uma das 7 Maravilhas Naturais de Portugal\",\"isPartOf\":{\"@id\":\"https:\/\/myriaformosa.com\/#website\"},\"primaryImageOfPage\":{\"@id\":\"https:\/\/myriaformosa.com\/pt\/experiencias\/experiencia-fuseta\/#primaryimage\"},\"image\":{\"@id\":\"https:\/\/myriaformosa.com\/pt\/experiencias\/experiencia-fuseta\/#primaryimage\"},\"thumbnailUrl\":\"https:\/\/myriaformosa.com\/wp-content\/uploads\/2025\/02\/card_exp_fuseta.jpg\",\"datePublished\":\"2025-01-04T03:38:15+00:00\",\"dateModified\":\"2025-03-14T18:30:42+00:00\",\"description\":\"Bem-vindo \u00e0 Ria Formosa - uma das sete maravilhas naturais de Portugal que cativa o visitante com as suas paisagens deslumbrantes, praias de areia branca, ilhas barreira, \u00e1guas cristalinas, biodiversidade e cultura \u00fanicas.\",\"breadcrumb\":{\"@id\":\"https:\/\/myriaformosa.com\/pt\/experiencias\/experiencia-fuseta\/#breadcrumb\"},\"inLanguage\":\"pt-PT\",\"potentialAction\":[{\"@type\":\"ReadAction\",\"target\":[\"https:\/\/myriaformosa.com\/pt\/experiencias\/experiencia-fuseta\/\"]}]},{\"@type\":\"ImageObject\",\"inLanguage\":\"pt-PT\",\"@id\":\"https:\/\/myriaformosa.com\/pt\/experiencias\/experiencia-fuseta\/#primaryimage\",\"url\":\"https:\/\/myriaformosa.com\/wp-content\/uploads\/2025\/02\/card_exp_fuseta.jpg\",\"contentUrl\":\"https:\/\/myriaformosa.com\/wp-content\/uploads\/2025\/02\/card_exp_fuseta.jpg\",\"width\":387,\"height\":355},{\"@type\":\"BreadcrumbList\",\"@id\":\"https:\/\/myriaformosa.com\/pt\/experiencias\/experiencia-fuseta\/#breadcrumb\",\"itemListElement\":[{\"@type\":\"ListItem\",\"position\":1,\"name\":\"Home\",\"item\":\"https:\/\/myriaformosa.com\/\"},{\"@type\":\"ListItem\",\"position\":2,\"name\":\"Experi\u00eancias\",\"item\":\"https:\/\/myriaformosa.com\/pt\/experiencias\/\"},{\"@type\":\"ListItem\",\"position\":3,\"name\":\"Fuseta\"}]},{\"@type\":\"WebSite\",\"@id\":\"https:\/\/myriaformosa.com\/#website\",\"url\":\"https:\/\/myriaformosa.com\/\",\"name\":\"myriaformosa\",\"description\":\"Ria Formosa: uma das 7 Maravilhas Naturais de Portugal\",\"publisher\":{\"@id\":\"https:\/\/myriaformosa.com\/#organization\"},\"potentialAction\":[{\"@type\":\"SearchAction\",\"target\":{\"@type\":\"EntryPoint\",\"urlTemplate\":\"https:\/\/myriaformosa.com\/?s={search_term_string}\"},\"query-input\":{\"@type\":\"PropertyValueSpecification\",\"valueRequired\":true,\"valueName\":\"search_term_string\"}}],\"inLanguage\":\"pt-PT\"},{\"@type\":\"Organization\",\"@id\":\"https:\/\/myriaformosa.com\/#organization\",\"name\":\"myriaformosa\",\"url\":\"https:\/\/myriaformosa.com\/\",\"logo\":{\"@type\":\"ImageObject\",\"inLanguage\":\"pt-PT\",\"@id\":\"https:\/\/myriaformosa.com\/#\/schema\/logo\/image\/\",\"url\":\"https:\/\/myriaformosa.com\/wp-content\/uploads\/2024\/11\/ria_formosa_header_logo.png\",\"contentUrl\":\"https:\/\/myriaformosa.com\/wp-content\/uploads\/2024\/11\/ria_formosa_header_logo.png\",\"width\":188,\"height\":56,\"caption\":\"myriaformosa\"},\"image\":{\"@id\":\"https:\/\/myriaformosa.com\/#\/schema\/logo\/image\/\"}}]}<\/script>\n<!-- \/ Yoast SEO Premium plugin. -->","yoast_head_json":{"title":"Ria Formosa: uma das 7 Maravilhas Naturais de Portugal","description":"Bem-vindo \u00e0 Ria Formosa - uma das sete maravilhas naturais de Portugal que cativa o visitante com as suas paisagens deslumbrantes, praias de areia branca, ilhas barreira, \u00e1guas cristalinas, biodiversidade e cultura \u00fanicas.","robots":{"index":"index","follow":"follow","max-snippet":"max-snippet:-1","max-image-preview":"max-image-preview:large","max-video-preview":"max-video-preview:-1"},"canonical":"https:\/\/myriaformosa.com\/pt\/experiencias\/experiencia-fuseta\/","og_locale":"pt_PT","og_type":"article","og_title":"Fuseta","og_description":"Bem-vindo \u00e0 Ria Formosa - uma das sete maravilhas naturais de Portugal que cativa o visitante com as suas paisagens deslumbrantes, praias de areia branca, ilhas barreira, \u00e1guas cristalinas, biodiversidade e cultura \u00fanicas.","og_url":"https:\/\/myriaformosa.com\/pt\/experiencias\/experiencia-fuseta\/","og_site_name":"myriaformosa","article_modified_time":"2025-03-14T18:30:42+00:00","og_image":[{"width":387,"height":355,"url":"https:\/\/myriaformosa.com\/wp-content\/uploads\/2025\/02\/card_exp_fuseta.jpg","type":"image\/jpeg"}],"twitter_card":"summary_large_image","twitter_misc":{"Est. reading time":"1 minuto"},"schema":{"@context":"https:\/\/schema.org","@graph":[{"@type":"WebPage","@id":"https:\/\/myriaformosa.com\/pt\/experiencias\/experiencia-fuseta\/","url":"https:\/\/myriaformosa.com\/pt\/experiencias\/experiencia-fuseta\/","name":"Ria Formosa: uma das 7 Maravilhas Naturais de Portugal","isPartOf":{"@id":"https:\/\/myriaformosa.com\/#website"},"primaryImageOfPage":{"@id":"https:\/\/myriaformosa.com\/pt\/experiencias\/experiencia-fuseta\/#primaryimage"},"image":{"@id":"https:\/\/myriaformosa.com\/pt\/experiencias\/experiencia-fuseta\/#primaryimage"},"thumbnailUrl":"https:\/\/myriaformosa.com\/wp-content\/uploads\/2025\/02\/card_exp_fuseta.jpg","datePublished":"2025-01-04T03:38:15+00:00","dateModified":"2025-03-14T18:30:42+00:00","description":"Bem-vindo \u00e0 Ria Formosa - uma das sete maravilhas naturais de Portugal que cativa o visitante com as suas paisagens deslumbrantes, praias de areia branca, ilhas barreira, \u00e1guas cristalinas, biodiversidade e cultura \u00fanicas.","breadcrumb":{"@id":"https:\/\/myriaformosa.com\/pt\/experiencias\/experiencia-fuseta\/#breadcrumb"},"inLanguage":"pt-PT","potentialAction":[{"@type":"ReadAction","target":["https:\/\/myriaformosa.com\/pt\/experiencias\/experiencia-fuseta\/"]}]},{"@type":"ImageObject","inLanguage":"pt-PT","@id":"https:\/\/myriaformosa.com\/pt\/experiencias\/experiencia-fuseta\/#primaryimage","url":"https:\/\/myriaformosa.com\/wp-content\/uploads\/2025\/02\/card_exp_fuseta.jpg","contentUrl":"https:\/\/myriaformosa.com\/wp-content\/uploads\/2025\/02\/card_exp_fuseta.jpg","width":387,"height":355},{"@type":"BreadcrumbList","@id":"https:\/\/myriaformosa.com\/pt\/experiencias\/experiencia-fuseta\/#breadcrumb","itemListElement":[{"@type":"ListItem","position":1,"name":"Home","item":"https:\/\/myriaformosa.com\/"},{"@type":"ListItem","position":2,"name":"Experi\u00eancias","item":"https:\/\/myriaformosa.com\/pt\/experiencias\/"},{"@type":"ListItem","position":3,"name":"Fuseta"}]},{"@type":"WebSite","@id":"https:\/\/myriaformosa.com\/#website","url":"https:\/\/myriaformosa.com\/","name":"myriaformosa","description":"Ria Formosa: uma das 7 Maravilhas Naturais de Portugal","publisher":{"@id":"https:\/\/myriaformosa.com\/#organization"},"potentialAction":[{"@type":"SearchAction","target":{"@type":"EntryPoint","urlTemplate":"https:\/\/myriaformosa.com\/?s={search_term_string}"},"query-input":{"@type":"PropertyValueSpecification","valueRequired":true,"valueName":"search_term_string"}}],"inLanguage":"pt-PT"},{"@type":"Organization","@id":"https:\/\/myriaformosa.com\/#organization","name":"myriaformosa","url":"https:\/\/myriaformosa.com\/","logo":{"@type":"ImageObject","inLanguage":"pt-PT","@id":"https:\/\/myriaformosa.com\/#\/schema\/logo\/image\/","url":"https:\/\/myriaformosa.com\/wp-content\/uploads\/2024\/11\/ria_formosa_header_logo.png","contentUrl":"https:\/\/myriaformosa.com\/wp-content\/uploads\/2024\/11\/ria_formosa_header_logo.png","width":188,"height":56,"caption":"myriaformosa"},"image":{"@id":"https:\/\/myriaformosa.com\/#\/schema\/logo\/image\/"}}]}},"_links":{"self":[{"href":"https:\/\/myriaformosa.com\/pt\/wp-json\/wp\/v2\/pages\/3029"}],"collection":[{"href":"https:\/\/myriaformosa.com\/pt\/wp-json\/wp\/v2\/pages"}],"about":[{"href":"https:\/\/myriaformosa.com\/pt\/wp-json\/wp\/v2\/types\/page"}],"author":[{"embeddable":true,"href":"https:\/\/myriaformosa.com\/pt\/wp-json\/wp\/v2\/users\/2"}],"replies":[{"embeddable":true,"href":"https:\/\/myriaformosa.com\/pt\/wp-json\/wp\/v2\/comments?post=3029"}],"version-history":[{"count":20,"href":"https:\/\/myriaformosa.com\/pt\/wp-json\/wp\/v2\/pages\/3029\/revisions"}],"predecessor-version":[{"id":4528,"href":"https:\/\/myriaformosa.com\/pt\/wp-json\/wp\/v2\/pages\/3029\/revisions\/4528"}],"up":[{"embeddable":true,"href":"https:\/\/myriaformosa.com\/pt\/wp-json\/wp\/v2\/pages\/2622"}],"wp:featuredmedia":[{"embeddable":true,"href":"https:\/\/myriaformosa.com\/pt\/wp-json\/wp\/v2\/media\/4103"}],"wp:attachment":[{"href":"https:\/\/myriaformosa.com\/pt\/wp-json\/wp\/v2\/media?parent=3029"}],"curies":[{"name":"wp","href":"https:\/\/api.w.org\/{rel}","templated":true}]}}