{"id":3024,"date":"2025-01-04T03:37:30","date_gmt":"2025-01-04T03:37:30","guid":{"rendered":"https:\/\/myriaformosa.com\/?page_id=3024"},"modified":"2025-03-14T18:29:16","modified_gmt":"2025-03-14T18:29:16","slug":"experiencia-olhao","status":"publish","type":"page","link":"https:\/\/myriaformosa.com\/pt\/experiencias\/experiencia-olhao\/","title":{"rendered":"Olh\u00e3o"},"content":{"rendered":"\t\t<div data-elementor-type=\"wp-page\" data-elementor-id=\"3024\" class=\"elementor elementor-3024\" data-elementor-post-type=\"page\">\n\t\t\t\t<div class=\"elementor-element elementor-element-72b630a e-flex e-con-boxed e-con e-parent\" data-id=\"72b630a\" data-element_type=\"container\" data-settings=\"{&quot;background_background&quot;:&quot;classic&quot;}\">\n\t\t\t\t\t<div class=\"e-con-inner\">\n\t\t\t\t<div class=\"elementor-element elementor-element-1b2bfcf elementor-widget__width-initial elementor-widget-tablet__width-initial elementor-widget-mobile__width-initial elementor-widget elementor-widget-heading\" data-id=\"1b2bfcf\" data-element_type=\"widget\" data-widget_type=\"heading.default\">\n\t\t\t\t<div class=\"elementor-widget-container\">\n\t\t\t<h1 class=\"elementor-heading-title elementor-size-default\">Experi\u00eancias em Olh\u00e3o<\/h1>\t\t<\/div>\n\t\t\t\t<\/div>\n\t\t\t\t\t<\/div>\n\t\t\t\t<\/div>\n\t\t<div class=\"elementor-element elementor-element-8cfd0d3 e-flex e-con-boxed e-con e-parent\" data-id=\"8cfd0d3\" data-element_type=\"container\" data-settings=\"{&quot;background_background&quot;:&quot;classic&quot;}\">\n\t\t\t\t\t<div class=\"e-con-inner\">\n\t\t<div class=\"elementor-element elementor-element-a2d9893 e-con-full e-flex e-con e-child\" data-id=\"a2d9893\" data-element_type=\"container\">\n\t\t\t\t<div class=\"elementor-element elementor-element-7d4141a elementor-align-left custom_bread page_bread elementor-widget elementor-widget-breadcrumbs\" data-id=\"7d4141a\" data-element_type=\"widget\" data-widget_type=\"breadcrumbs.default\">\n\t\t\t\t<div class=\"elementor-widget-container\">\n\t\t\t<p id=\"breadcrumbs\"><span><span><a href=\"https:\/\/myriaformosa.com\/\">Home<\/a><\/span><\/span><\/p>\t\t<\/div>\n\t\t\t\t<\/div>\n\t\t\t\t<div class=\"elementor-element elementor-element-2e1cd6d elementor-widget elementor-widget-heading\" data-id=\"2e1cd6d\" data-element_type=\"widget\" data-widget_type=\"heading.default\">\n\t\t\t\t<div class=\"elementor-widget-container\">\n\t\t\t<h2 class=\"elementor-heading-title elementor-size-default\">Olh\u00e3o \u00e9 o ponto de partida ideal para explorar a Ria Formosa e as suas ilhas paradis\u00edacas como Farol, Culatra e Armona.<\/h2>\t\t<\/div>\n\t\t\t\t<\/div>\n\t\t\t\t<div class=\"elementor-element elementor-element-94405a3 elementor-widget elementor-widget-text-editor\" data-id=\"94405a3\" data-element_type=\"widget\" data-widget_type=\"text-editor.default\">\n\t\t\t\t<div class=\"elementor-widget-container\">\n\t\t\t\t\t\t\t<p>Desfrute de passeios de barco, observa\u00e7\u00e3o de golfinhos e visitas guiadas ao Parque Natural. Para os amantes da gastronomia, saboreie marisco fresco no famoso mercado local. Passeie pelas ruas de arquitetura cubista e mergulhe na cultura desta cidade vibrante. Reserve j\u00e1 a sua experi\u00eancia e descubra Olh\u00e3o!<\/p>\t\t\t\t\t\t<\/div>\n\t\t\t\t<\/div>\n\t\t\t\t<\/div>\n\t\t\t\t\t<\/div>\n\t\t\t\t<\/div>\n\t\t<div class=\"elementor-element elementor-element-303aa0d e-flex e-con-boxed e-con e-parent\" data-id=\"303aa0d\" data-element_type=\"container\">\n\t\t\t\t\t<div class=\"e-con-inner\">\n\t\t<div class=\"elementor-element elementor-element-dcd80a1 e-con-full e-flex e-con e-child\" data-id=\"dcd80a1\" data-element_type=\"container\">\n\t\t\t\t<div class=\"elementor-element elementor-element-882ec33 elementor-widget elementor-widget-heading\" data-id=\"882ec33\" data-element_type=\"widget\" data-widget_type=\"heading.default\">\n\t\t\t\t<div class=\"elementor-widget-container\">\n\t\t\t<h4 class=\"elementor-heading-title elementor-size-default\">Escolha a sua Experi\u00eancia<\/h4>\t\t<\/div>\n\t\t\t\t<\/div>\n\t\t\t\t<\/div>\n\t\t\t\t<div class=\"elementor-element elementor-element-8f59a75 elementor-widget__width-inherit elementor-widget elementor-widget-html\" data-id=\"8f59a75\" data-element_type=\"widget\" data-no-translation=\"\" data-widget_type=\"html.default\">\n\t\t\t\t<div class=\"elementor-widget-container\">\n\t\t\t<div data-gyg-href=\"https:\/\/widget.getyourguide.com\/default\/activities.frame\" data-gyg-locale-code=\"pt-PT\" data-gyg-widget=\"activities\" data-gyg-number-of-items=\"150\" data-gyg-excluded-tour-ids=\"420384,592075,786078,798165,797914,705913,591416,620686\" data-gyg-partner-id=\"CFVXBIH\" data-gyg-q=\"Olh\u00e3o\"><span>Powered by <a target=\"_blank\" rel=\"sponsored\" href=\"https:\/\/www.getyourguide.com\/olhao-portugal-l2948\/\">GetYourGuide<\/a><\/span><\/div>\t\t<\/div>\n\t\t\t\t<\/div>\n\t\t\t\t<div class=\"elementor-element elementor-element-291e12d elementor-widget__width-inherit elementor-widget elementor-widget-html\" data-id=\"291e12d\" data-element_type=\"widget\" data-no-translation=\"\" data-widget_type=\"html.default\">\n\t\t\t\t<div class=\"elementor-widget-container\">\n\t\t\t<style>.elementor-element-291e12d{display:none !important}<\/style>\t\t<\/div>\n\t\t\t\t<\/div>\n\t\t\t\t<div class=\"elementor-element elementor-element-4a0f868 elementor-widget__width-inherit elementor-widget elementor-widget-html\" data-id=\"4a0f868\" data-element_type=\"widget\" data-no-translation=\"\" data-widget_type=\"html.default\">\n\t\t\t\t<div class=\"elementor-widget-container\">\n\t\t\t<style>.elementor-element-4a0f868{display:none !important}<\/style>\t\t<\/div>\n\t\t\t\t<\/div>\n\t\t\t\t<div class=\"elementor-element elementor-element-8956499 elementor-widget__width-inherit elementor-widget elementor-widget-html\" data-id=\"8956499\" data-element_type=\"widget\" data-no-translation=\"\" data-widget_type=\"html.default\">\n\t\t\t\t<div class=\"elementor-widget-container\">\n\t\t\t<style>.elementor-element-8956499{display:none !important}<\/style>\t\t<\/div>\n\t\t\t\t<\/div>\n\t\t\t\t<div class=\"elementor-element elementor-element-912736a elementor-widget__width-inherit elementor-widget elementor-widget-html\" data-id=\"912736a\" data-element_type=\"widget\" data-no-translation=\"\" data-widget_type=\"html.default\">\n\t\t\t\t<div class=\"elementor-widget-container\">\n\t\t\t<style>.elementor-element-912736a{display:none !important}<\/style>\t\t<\/div>\n\t\t\t\t<\/div>\n\t\t\t\t\t<\/div>\n\t\t\t\t<\/div>\n\t\t\t\t<\/div>\n\t\t","protected":false},"excerpt":{"rendered":"<p>Experi\u00eancias em Olh\u00e3o Olh\u00e3o \u00e9 o ponto de partida ideal para explorar a Ria Formosa e as suas ilhas paradis\u00edacas como Farol, Culatra e Armona. Desfrute de passeios de barco, observa\u00e7\u00e3o de golfinhos e visitas guiadas ao Parque Natural. Para os amantes da gastronomia, saboreie marisco fresco no famoso mercado local. Passeie pelas ruas de [&hellip;]<\/p>\n","protected":false},"author":2,"featured_media":4104,"parent":2622,"menu_order":3,"comment_status":"closed","ping_status":"closed","template":"elementor_header_footer","meta":{"footnotes":""},"class_list":["post-3024","page","type-page","status-publish","has-post-thumbnail","hentry"],"yoast_head":"<!-- This site is optimized with the Yoast SEO Premium plugin v20.5 (Yoast SEO v23.8) - https:\/\/yoast.com\/wordpress\/plugins\/seo\/ -->\n<title>Ria Formosa: uma das 7 Maravilhas Naturais de Portugal<\/title>\n<meta name=\"description\" content=\"Bem-vindo \u00e0 Ria Formosa - uma das sete maravilhas naturais de Portugal que cativa o visitante com as suas paisagens deslumbrantes, praias de areia branca, ilhas barreira, \u00e1guas cristalinas, biodiversidade e cultura \u00fanicas.\" \/>\n<meta name=\"robots\" content=\"index, follow, max-snippet:-1, max-image-preview:large, max-video-preview:-1\" \/>\n<link rel=\"canonical\" href=\"https:\/\/myriaformosa.com\/pt\/experiencias\/experiencia-olhao\/\" \/>\n<meta property=\"og:locale\" content=\"pt_PT\" \/>\n<meta property=\"og:type\" content=\"article\" \/>\n<meta property=\"og:title\" content=\"Olh\u00e3o\" \/>\n<meta property=\"og:description\" content=\"Bem-vindo \u00e0 Ria Formosa - uma das sete maravilhas naturais de Portugal que cativa o visitante com as suas paisagens deslumbrantes, praias de areia branca, ilhas barreira, \u00e1guas cristalinas, biodiversidade e cultura \u00fanicas.\" \/>\n<meta property=\"og:url\" content=\"https:\/\/myriaformosa.com\/pt\/experiencias\/experiencia-olhao\/\" \/>\n<meta property=\"og:site_name\" content=\"myriaformosa\" \/>\n<meta property=\"article:modified_time\" content=\"2025-03-14T18:29:16+00:00\" \/>\n<meta property=\"og:image\" content=\"https:\/\/myriaformosa.com\/wp-content\/uploads\/2025\/02\/card_exp_olhao.jpg\" \/>\n\t<meta property=\"og:image:width\" content=\"387\" \/>\n\t<meta property=\"og:image:height\" content=\"355\" \/>\n\t<meta property=\"og:image:type\" content=\"image\/jpeg\" \/>\n<meta name=\"twitter:card\" content=\"summary_large_image\" \/>\n<meta name=\"twitter:label1\" content=\"Est. reading time\" \/>\n\t<meta name=\"twitter:data1\" content=\"1 minuto\" \/>\n<script type=\"application\/ld+json\" class=\"yoast-schema-graph\">{\"@context\":\"https:\/\/schema.org\",\"@graph\":[{\"@type\":\"WebPage\",\"@id\":\"https:\/\/myriaformosa.com\/pt\/experiencias\/experiencia-olhao\/\",\"url\":\"https:\/\/myriaformosa.com\/pt\/experiencias\/experiencia-olhao\/\",\"name\":\"Ria Formosa: uma das 7 Maravilhas Naturais de Portugal\",\"isPartOf\":{\"@id\":\"https:\/\/myriaformosa.com\/#website\"},\"primaryImageOfPage\":{\"@id\":\"https:\/\/myriaformosa.com\/pt\/experiencias\/experiencia-olhao\/#primaryimage\"},\"image\":{\"@id\":\"https:\/\/myriaformosa.com\/pt\/experiencias\/experiencia-olhao\/#primaryimage\"},\"thumbnailUrl\":\"https:\/\/myriaformosa.com\/wp-content\/uploads\/2025\/02\/card_exp_olhao.jpg\",\"datePublished\":\"2025-01-04T03:37:30+00:00\",\"dateModified\":\"2025-03-14T18:29:16+00:00\",\"description\":\"Bem-vindo \u00e0 Ria Formosa - uma das sete maravilhas naturais de Portugal que cativa o visitante com as suas paisagens deslumbrantes, praias de areia branca, ilhas barreira, \u00e1guas cristalinas, biodiversidade e cultura \u00fanicas.\",\"breadcrumb\":{\"@id\":\"https:\/\/myriaformosa.com\/pt\/experiencias\/experiencia-olhao\/#breadcrumb\"},\"inLanguage\":\"pt-PT\",\"potentialAction\":[{\"@type\":\"ReadAction\",\"target\":[\"https:\/\/myriaformosa.com\/pt\/experiencias\/experiencia-olhao\/\"]}]},{\"@type\":\"ImageObject\",\"inLanguage\":\"pt-PT\",\"@id\":\"https:\/\/myriaformosa.com\/pt\/experiencias\/experiencia-olhao\/#primaryimage\",\"url\":\"https:\/\/myriaformosa.com\/wp-content\/uploads\/2025\/02\/card_exp_olhao.jpg\",\"contentUrl\":\"https:\/\/myriaformosa.com\/wp-content\/uploads\/2025\/02\/card_exp_olhao.jpg\",\"width\":387,\"height\":355},{\"@type\":\"BreadcrumbList\",\"@id\":\"https:\/\/myriaformosa.com\/pt\/experiencias\/experiencia-olhao\/#breadcrumb\",\"itemListElement\":[{\"@type\":\"ListItem\",\"position\":1,\"name\":\"Home\",\"item\":\"https:\/\/myriaformosa.com\/\"},{\"@type\":\"ListItem\",\"position\":2,\"name\":\"Experi\u00eancias\",\"item\":\"https:\/\/myriaformosa.com\/pt\/experiencias\/\"},{\"@type\":\"ListItem\",\"position\":3,\"name\":\"Olh\u00e3o\"}]},{\"@type\":\"WebSite\",\"@id\":\"https:\/\/myriaformosa.com\/#website\",\"url\":\"https:\/\/myriaformosa.com\/\",\"name\":\"myriaformosa\",\"description\":\"Ria Formosa: uma das 7 Maravilhas Naturais de Portugal\",\"publisher\":{\"@id\":\"https:\/\/myriaformosa.com\/#organization\"},\"potentialAction\":[{\"@type\":\"SearchAction\",\"target\":{\"@type\":\"EntryPoint\",\"urlTemplate\":\"https:\/\/myriaformosa.com\/?s={search_term_string}\"},\"query-input\":{\"@type\":\"PropertyValueSpecification\",\"valueRequired\":true,\"valueName\":\"search_term_string\"}}],\"inLanguage\":\"pt-PT\"},{\"@type\":\"Organization\",\"@id\":\"https:\/\/myriaformosa.com\/#organization\",\"name\":\"myriaformosa\",\"url\":\"https:\/\/myriaformosa.com\/\",\"logo\":{\"@type\":\"ImageObject\",\"inLanguage\":\"pt-PT\",\"@id\":\"https:\/\/myriaformosa.com\/#\/schema\/logo\/image\/\",\"url\":\"https:\/\/myriaformosa.com\/wp-content\/uploads\/2024\/11\/ria_formosa_header_logo.png\",\"contentUrl\":\"https:\/\/myriaformosa.com\/wp-content\/uploads\/2024\/11\/ria_formosa_header_logo.png\",\"width\":188,\"height\":56,\"caption\":\"myriaformosa\"},\"image\":{\"@id\":\"https:\/\/myriaformosa.com\/#\/schema\/logo\/image\/\"}}]}<\/script>\n<!-- \/ Yoast SEO Premium plugin. -->","yoast_head_json":{"title":"Ria Formosa: uma das 7 Maravilhas Naturais de Portugal","description":"Bem-vindo \u00e0 Ria Formosa - uma das sete maravilhas naturais de Portugal que cativa o visitante com as suas paisagens deslumbrantes, praias de areia branca, ilhas barreira, \u00e1guas cristalinas, biodiversidade e cultura \u00fanicas.","robots":{"index":"index","follow":"follow","max-snippet":"max-snippet:-1","max-image-preview":"max-image-preview:large","max-video-preview":"max-video-preview:-1"},"canonical":"https:\/\/myriaformosa.com\/pt\/experiencias\/experiencia-olhao\/","og_locale":"pt_PT","og_type":"article","og_title":"Olh\u00e3o","og_description":"Bem-vindo \u00e0 Ria Formosa - uma das sete maravilhas naturais de Portugal que cativa o visitante com as suas paisagens deslumbrantes, praias de areia branca, ilhas barreira, \u00e1guas cristalinas, biodiversidade e cultura \u00fanicas.","og_url":"https:\/\/myriaformosa.com\/pt\/experiencias\/experiencia-olhao\/","og_site_name":"myriaformosa","article_modified_time":"2025-03-14T18:29:16+00:00","og_image":[{"width":387,"height":355,"url":"https:\/\/myriaformosa.com\/wp-content\/uploads\/2025\/02\/card_exp_olhao.jpg","type":"image\/jpeg"}],"twitter_card":"summary_large_image","twitter_misc":{"Est. reading time":"1 minuto"},"schema":{"@context":"https:\/\/schema.org","@graph":[{"@type":"WebPage","@id":"https:\/\/myriaformosa.com\/pt\/experiencias\/experiencia-olhao\/","url":"https:\/\/myriaformosa.com\/pt\/experiencias\/experiencia-olhao\/","name":"Ria Formosa: uma das 7 Maravilhas Naturais de Portugal","isPartOf":{"@id":"https:\/\/myriaformosa.com\/#website"},"primaryImageOfPage":{"@id":"https:\/\/myriaformosa.com\/pt\/experiencias\/experiencia-olhao\/#primaryimage"},"image":{"@id":"https:\/\/myriaformosa.com\/pt\/experiencias\/experiencia-olhao\/#primaryimage"},"thumbnailUrl":"https:\/\/myriaformosa.com\/wp-content\/uploads\/2025\/02\/card_exp_olhao.jpg","datePublished":"2025-01-04T03:37:30+00:00","dateModified":"2025-03-14T18:29:16+00:00","description":"Bem-vindo \u00e0 Ria Formosa - uma das sete maravilhas naturais de Portugal que cativa o visitante com as suas paisagens deslumbrantes, praias de areia branca, ilhas barreira, \u00e1guas cristalinas, biodiversidade e cultura \u00fanicas.","breadcrumb":{"@id":"https:\/\/myriaformosa.com\/pt\/experiencias\/experiencia-olhao\/#breadcrumb"},"inLanguage":"pt-PT","potentialAction":[{"@type":"ReadAction","target":["https:\/\/myriaformosa.com\/pt\/experiencias\/experiencia-olhao\/"]}]},{"@type":"ImageObject","inLanguage":"pt-PT","@id":"https:\/\/myriaformosa.com\/pt\/experiencias\/experiencia-olhao\/#primaryimage","url":"https:\/\/myriaformosa.com\/wp-content\/uploads\/2025\/02\/card_exp_olhao.jpg","contentUrl":"https:\/\/myriaformosa.com\/wp-content\/uploads\/2025\/02\/card_exp_olhao.jpg","width":387,"height":355},{"@type":"BreadcrumbList","@id":"https:\/\/myriaformosa.com\/pt\/experiencias\/experiencia-olhao\/#breadcrumb","itemListElement":[{"@type":"ListItem","position":1,"name":"Home","item":"https:\/\/myriaformosa.com\/"},{"@type":"ListItem","position":2,"name":"Experi\u00eancias","item":"https:\/\/myriaformosa.com\/pt\/experiencias\/"},{"@type":"ListItem","position":3,"name":"Olh\u00e3o"}]},{"@type":"WebSite","@id":"https:\/\/myriaformosa.com\/#website","url":"https:\/\/myriaformosa.com\/","name":"myriaformosa","description":"Ria Formosa: uma das 7 Maravilhas Naturais de Portugal","publisher":{"@id":"https:\/\/myriaformosa.com\/#organization"},"potentialAction":[{"@type":"SearchAction","target":{"@type":"EntryPoint","urlTemplate":"https:\/\/myriaformosa.com\/?s={search_term_string}"},"query-input":{"@type":"PropertyValueSpecification","valueRequired":true,"valueName":"search_term_string"}}],"inLanguage":"pt-PT"},{"@type":"Organization","@id":"https:\/\/myriaformosa.com\/#organization","name":"myriaformosa","url":"https:\/\/myriaformosa.com\/","logo":{"@type":"ImageObject","inLanguage":"pt-PT","@id":"https:\/\/myriaformosa.com\/#\/schema\/logo\/image\/","url":"https:\/\/myriaformosa.com\/wp-content\/uploads\/2024\/11\/ria_formosa_header_logo.png","contentUrl":"https:\/\/myriaformosa.com\/wp-content\/uploads\/2024\/11\/ria_formosa_header_logo.png","width":188,"height":56,"caption":"myriaformosa"},"image":{"@id":"https:\/\/myriaformosa.com\/#\/schema\/logo\/image\/"}}]}},"_links":{"self":[{"href":"https:\/\/myriaformosa.com\/pt\/wp-json\/wp\/v2\/pages\/3024"}],"collection":[{"href":"https:\/\/myriaformosa.com\/pt\/wp-json\/wp\/v2\/pages"}],"about":[{"href":"https:\/\/myriaformosa.com\/pt\/wp-json\/wp\/v2\/types\/page"}],"author":[{"embeddable":true,"href":"https:\/\/myriaformosa.com\/pt\/wp-json\/wp\/v2\/users\/2"}],"replies":[{"embeddable":true,"href":"https:\/\/myriaformosa.com\/pt\/wp-json\/wp\/v2\/comments?post=3024"}],"version-history":[{"count":20,"href":"https:\/\/myriaformosa.com\/pt\/wp-json\/wp\/v2\/pages\/3024\/revisions"}],"predecessor-version":[{"id":4525,"href":"https:\/\/myriaformosa.com\/pt\/wp-json\/wp\/v2\/pages\/3024\/revisions\/4525"}],"up":[{"embeddable":true,"href":"https:\/\/myriaformosa.com\/pt\/wp-json\/wp\/v2\/pages\/2622"}],"wp:featuredmedia":[{"embeddable":true,"href":"https:\/\/myriaformosa.com\/pt\/wp-json\/wp\/v2\/media\/4104"}],"wp:attachment":[{"href":"https:\/\/myriaformosa.com\/pt\/wp-json\/wp\/v2\/media?parent=3024"}],"curies":[{"name":"wp","href":"https:\/\/api.w.org\/{rel}","templated":true}]}}