{"id":3014,"date":"2025-01-04T03:33:26","date_gmt":"2025-01-04T03:33:26","guid":{"rendered":"https:\/\/myriaformosa.com\/?page_id=3014"},"modified":"2025-03-14T18:06:23","modified_gmt":"2025-03-14T18:06:23","slug":"experiencia-quinta-do-lago","status":"publish","type":"page","link":"https:\/\/myriaformosa.com\/pt\/experiencias\/experiencia-quinta-do-lago\/","title":{"rendered":"Quinta do Lago"},"content":{"rendered":"\t\t<div data-elementor-type=\"wp-page\" data-elementor-id=\"3014\" class=\"elementor elementor-3014\" data-elementor-post-type=\"page\">\n\t\t\t\t<div class=\"elementor-element elementor-element-72b630a e-flex e-con-boxed e-con e-parent\" data-id=\"72b630a\" data-element_type=\"container\" data-settings=\"{&quot;background_background&quot;:&quot;classic&quot;}\">\n\t\t\t\t\t<div class=\"e-con-inner\">\n\t\t\t\t<div class=\"elementor-element elementor-element-1b2bfcf elementor-widget__width-initial elementor-widget-tablet__width-initial elementor-widget-mobile__width-initial elementor-widget elementor-widget-heading\" data-id=\"1b2bfcf\" data-element_type=\"widget\" data-widget_type=\"heading.default\">\n\t\t\t\t<div class=\"elementor-widget-container\">\n\t\t\t<h1 class=\"elementor-heading-title elementor-size-default\">Experi\u00eancias na Quinta do Lago<\/h1>\t\t<\/div>\n\t\t\t\t<\/div>\n\t\t\t\t\t<\/div>\n\t\t\t\t<\/div>\n\t\t<div class=\"elementor-element elementor-element-8cfd0d3 e-flex e-con-boxed e-con e-parent\" data-id=\"8cfd0d3\" data-element_type=\"container\" data-settings=\"{&quot;background_background&quot;:&quot;classic&quot;}\">\n\t\t\t\t\t<div class=\"e-con-inner\">\n\t\t<div class=\"elementor-element elementor-element-a2d9893 e-con-full e-flex e-con e-child\" data-id=\"a2d9893\" data-element_type=\"container\">\n\t\t\t\t<div class=\"elementor-element elementor-element-21616f2 elementor-align-left custom_bread page_bread elementor-widget elementor-widget-breadcrumbs\" data-id=\"21616f2\" data-element_type=\"widget\" data-widget_type=\"breadcrumbs.default\">\n\t\t\t\t<div class=\"elementor-widget-container\">\n\t\t\t<p id=\"breadcrumbs\"><span><span><a href=\"https:\/\/myriaformosa.com\/\">Home<\/a><\/span><\/span><\/p>\t\t<\/div>\n\t\t\t\t<\/div>\n\t\t\t\t<div class=\"elementor-element elementor-element-2e1cd6d elementor-widget elementor-widget-heading\" data-id=\"2e1cd6d\" data-element_type=\"widget\" data-widget_type=\"heading.default\">\n\t\t\t\t<div class=\"elementor-widget-container\">\n\t\t\t<h2 class=\"elementor-heading-title elementor-size-default\">A Ria Formosa, na deslumbrante Quinta do Lago, oferece experi\u00eancias inesquec\u00edveis para os amantes da natureza e do desporto.<\/h2>\t\t<\/div>\n\t\t\t\t<\/div>\n\t\t\t\t<div class=\"elementor-element elementor-element-94405a3 elementor-widget elementor-widget-text-editor\" data-id=\"94405a3\" data-element_type=\"widget\" data-widget_type=\"text-editor.default\">\n\t\t\t\t<div class=\"elementor-widget-container\">\n\t\t\t\t\t\t\t<p>Desfrute de atividades aqu\u00e1ticas como caiaque, stand-up paddle (SUP), vela e windsurf, ou aventure-se em passeios de jet ski. Em terra, explore trilhos a p\u00e9, de bicicleta ou de segway, sempre rodeado por uma biodiversidade impressionante. Para um momento mais tranquilo, a observa\u00e7\u00e3o de aves proporciona uma conex\u00e3o \u00fanica com a natureza. Descubra tudo o que este para\u00edso tem para oferecer e planeie a sua aventura hoje!<\/p>\t\t\t\t\t\t<\/div>\n\t\t\t\t<\/div>\n\t\t\t\t<\/div>\n\t\t\t\t\t<\/div>\n\t\t\t\t<\/div>\n\t\t<div class=\"elementor-element elementor-element-0f472f1 e-flex e-con-boxed e-con e-parent\" data-id=\"0f472f1\" data-element_type=\"container\">\n\t\t\t\t\t<div class=\"e-con-inner\">\n\t\t<div class=\"elementor-element elementor-element-9f61760 e-con-full e-flex e-con e-child\" data-id=\"9f61760\" data-element_type=\"container\">\n\t\t\t\t<div class=\"elementor-element elementor-element-0341edc elementor-widget elementor-widget-heading\" data-id=\"0341edc\" data-element_type=\"widget\" data-widget_type=\"heading.default\">\n\t\t\t\t<div class=\"elementor-widget-container\">\n\t\t\t<h4 class=\"elementor-heading-title elementor-size-default\">Escolha a sua Experi\u00eancia<\/h4>\t\t<\/div>\n\t\t\t\t<\/div>\n\t\t\t\t<\/div>\n\t\t\t\t<div class=\"elementor-element elementor-element-394bea1 elementor-widget__width-inherit elementor-widget elementor-widget-html\" data-id=\"394bea1\" data-element_type=\"widget\" data-no-translation=\"\" data-widget_type=\"html.default\">\n\t\t\t\t<div class=\"elementor-widget-container\">\n\t\t\t<style>.elementor-element-394bea1{display:none !important}<\/style>\t\t<\/div>\n\t\t\t\t<\/div>\n\t\t\t\t<div class=\"elementor-element elementor-element-8c5a1b7 elementor-widget__width-inherit elementor-widget elementor-widget-html\" data-id=\"8c5a1b7\" data-element_type=\"widget\" data-no-translation=\"\" data-widget_type=\"html.default\">\n\t\t\t\t<div class=\"elementor-widget-container\">\n\t\t\t<style>.elementor-element-8c5a1b7{display:none !important}<\/style>\t\t<\/div>\n\t\t\t\t<\/div>\n\t\t\t\t<div class=\"elementor-element elementor-element-94be21a elementor-widget__width-inherit elementor-widget elementor-widget-html\" data-id=\"94be21a\" data-element_type=\"widget\" data-no-translation=\"\" data-widget_type=\"html.default\">\n\t\t\t\t<div class=\"elementor-widget-container\">\n\t\t\t<style>.elementor-element-94be21a{display:none !important}<\/style>\t\t<\/div>\n\t\t\t\t<\/div>\n\t\t\t\t<div class=\"elementor-element elementor-element-aa577d5 elementor-widget__width-inherit elementor-widget elementor-widget-html\" data-id=\"aa577d5\" data-element_type=\"widget\" data-no-translation=\"\" data-widget_type=\"html.default\">\n\t\t\t\t<div class=\"elementor-widget-container\">\n\t\t\t<style>.elementor-element-aa577d5{display:none !important}<\/style>\t\t<\/div>\n\t\t\t\t<\/div>\n\t\t\t\t<div class=\"elementor-element elementor-element-4896acd elementor-widget__width-inherit elementor-widget elementor-widget-html\" data-id=\"4896acd\" data-element_type=\"widget\" data-no-translation=\"\" data-widget_type=\"html.default\">\n\t\t\t\t<div class=\"elementor-widget-container\">\n\t\t\t<div data-gyg-href=\"https:\/\/widget.getyourguide.com\/default\/activities.frame\" data-gyg-locale-code=\"de-DE\" data-gyg-widget=\"activities\" data-gyg-number-of-items=\"12\" data-gyg-excluded-tour-ids=\"478530,427258\" data-gyg-partner-id=\"CFVXBIH\" data-gyg-q=\"Quinta do Lago\"><span>Powered by <a target=\"_blank\" rel=\"sponsored\" href=\"https:\/\/www.getyourguide.com\/quinta-do-lago-l96274\/\">GetYourGuide<\/a><\/span><\/div>\t\t<\/div>\n\t\t\t\t<\/div>\n\t\t\t\t\t<\/div>\n\t\t\t\t<\/div>\n\t\t\t\t<\/div>\n\t\t","protected":false},"excerpt":{"rendered":"<p>Experi\u00eancias na Quinta do Lago A Ria Formosa, na deslumbrante Quinta do Lago, oferece experi\u00eancias inesquec\u00edveis para os amantes da natureza e do desporto. Desfrute de atividades aqu\u00e1ticas como caiaque, stand-up paddle (SUP), vela e windsurf, ou aventure-se em passeios de jet ski. Em terra, explore trilhos a p\u00e9, de bicicleta ou de segway, sempre [&hellip;]<\/p>\n","protected":false},"author":2,"featured_media":4105,"parent":2622,"menu_order":1,"comment_status":"closed","ping_status":"closed","template":"elementor_header_footer","meta":{"footnotes":""},"class_list":["post-3014","page","type-page","status-publish","has-post-thumbnail","hentry"],"yoast_head":"<!-- This site is optimized with the Yoast SEO Premium plugin v20.5 (Yoast SEO v23.8) - https:\/\/yoast.com\/wordpress\/plugins\/seo\/ -->\n<title>Ria Formosa: uma das 7 Maravilhas Naturais de Portugal<\/title>\n<meta name=\"description\" content=\"Bem-vindo \u00e0 Ria Formosa - uma das sete maravilhas naturais de Portugal que cativa o visitante com as suas paisagens deslumbrantes, praias de areia branca, ilhas barreira, \u00e1guas cristalinas, biodiversidade e cultura \u00fanicas.\" \/>\n<meta name=\"robots\" content=\"index, follow, max-snippet:-1, max-image-preview:large, max-video-preview:-1\" \/>\n<link rel=\"canonical\" href=\"https:\/\/myriaformosa.com\/pt\/experiencias\/experiencia-quinta-do-lago\/\" \/>\n<meta property=\"og:locale\" content=\"pt_PT\" \/>\n<meta property=\"og:type\" content=\"article\" \/>\n<meta property=\"og:title\" content=\"Quinta do Lago\" \/>\n<meta property=\"og:description\" content=\"Bem-vindo \u00e0 Ria Formosa - uma das sete maravilhas naturais de Portugal que cativa o visitante com as suas paisagens deslumbrantes, praias de areia branca, ilhas barreira, \u00e1guas cristalinas, biodiversidade e cultura \u00fanicas.\" \/>\n<meta property=\"og:url\" content=\"https:\/\/myriaformosa.com\/pt\/experiencias\/experiencia-quinta-do-lago\/\" \/>\n<meta property=\"og:site_name\" content=\"myriaformosa\" \/>\n<meta property=\"article:modified_time\" content=\"2025-03-14T18:06:23+00:00\" \/>\n<meta property=\"og:image\" content=\"https:\/\/myriaformosa.com\/wp-content\/uploads\/2025\/02\/card_exp_qdl.jpg\" \/>\n\t<meta property=\"og:image:width\" content=\"387\" \/>\n\t<meta property=\"og:image:height\" content=\"355\" \/>\n\t<meta property=\"og:image:type\" content=\"image\/jpeg\" \/>\n<meta name=\"twitter:card\" content=\"summary_large_image\" \/>\n<meta name=\"twitter:label1\" content=\"Est. reading time\" \/>\n\t<meta name=\"twitter:data1\" content=\"1 minuto\" \/>\n<script type=\"application\/ld+json\" class=\"yoast-schema-graph\">{\"@context\":\"https:\/\/schema.org\",\"@graph\":[{\"@type\":\"WebPage\",\"@id\":\"https:\/\/myriaformosa.com\/pt\/experiencias\/experiencia-quinta-do-lago\/\",\"url\":\"https:\/\/myriaformosa.com\/pt\/experiencias\/experiencia-quinta-do-lago\/\",\"name\":\"Ria Formosa: uma das 7 Maravilhas Naturais de Portugal\",\"isPartOf\":{\"@id\":\"https:\/\/myriaformosa.com\/#website\"},\"primaryImageOfPage\":{\"@id\":\"https:\/\/myriaformosa.com\/pt\/experiencias\/experiencia-quinta-do-lago\/#primaryimage\"},\"image\":{\"@id\":\"https:\/\/myriaformosa.com\/pt\/experiencias\/experiencia-quinta-do-lago\/#primaryimage\"},\"thumbnailUrl\":\"https:\/\/myriaformosa.com\/wp-content\/uploads\/2025\/02\/card_exp_qdl.jpg\",\"datePublished\":\"2025-01-04T03:33:26+00:00\",\"dateModified\":\"2025-03-14T18:06:23+00:00\",\"description\":\"Bem-vindo \u00e0 Ria Formosa - uma das sete maravilhas naturais de Portugal que cativa o visitante com as suas paisagens deslumbrantes, praias de areia branca, ilhas barreira, \u00e1guas cristalinas, biodiversidade e cultura \u00fanicas.\",\"breadcrumb\":{\"@id\":\"https:\/\/myriaformosa.com\/pt\/experiencias\/experiencia-quinta-do-lago\/#breadcrumb\"},\"inLanguage\":\"pt-PT\",\"potentialAction\":[{\"@type\":\"ReadAction\",\"target\":[\"https:\/\/myriaformosa.com\/pt\/experiencias\/experiencia-quinta-do-lago\/\"]}]},{\"@type\":\"ImageObject\",\"inLanguage\":\"pt-PT\",\"@id\":\"https:\/\/myriaformosa.com\/pt\/experiencias\/experiencia-quinta-do-lago\/#primaryimage\",\"url\":\"https:\/\/myriaformosa.com\/wp-content\/uploads\/2025\/02\/card_exp_qdl.jpg\",\"contentUrl\":\"https:\/\/myriaformosa.com\/wp-content\/uploads\/2025\/02\/card_exp_qdl.jpg\",\"width\":387,\"height\":355},{\"@type\":\"BreadcrumbList\",\"@id\":\"https:\/\/myriaformosa.com\/pt\/experiencias\/experiencia-quinta-do-lago\/#breadcrumb\",\"itemListElement\":[{\"@type\":\"ListItem\",\"position\":1,\"name\":\"Home\",\"item\":\"https:\/\/myriaformosa.com\/\"},{\"@type\":\"ListItem\",\"position\":2,\"name\":\"Experi\u00eancias\",\"item\":\"https:\/\/myriaformosa.com\/pt\/experiencias\/\"},{\"@type\":\"ListItem\",\"position\":3,\"name\":\"Quinta do Lago\"}]},{\"@type\":\"WebSite\",\"@id\":\"https:\/\/myriaformosa.com\/#website\",\"url\":\"https:\/\/myriaformosa.com\/\",\"name\":\"myriaformosa\",\"description\":\"Ria Formosa: uma das 7 Maravilhas Naturais de Portugal\",\"publisher\":{\"@id\":\"https:\/\/myriaformosa.com\/#organization\"},\"potentialAction\":[{\"@type\":\"SearchAction\",\"target\":{\"@type\":\"EntryPoint\",\"urlTemplate\":\"https:\/\/myriaformosa.com\/?s={search_term_string}\"},\"query-input\":{\"@type\":\"PropertyValueSpecification\",\"valueRequired\":true,\"valueName\":\"search_term_string\"}}],\"inLanguage\":\"pt-PT\"},{\"@type\":\"Organization\",\"@id\":\"https:\/\/myriaformosa.com\/#organization\",\"name\":\"myriaformosa\",\"url\":\"https:\/\/myriaformosa.com\/\",\"logo\":{\"@type\":\"ImageObject\",\"inLanguage\":\"pt-PT\",\"@id\":\"https:\/\/myriaformosa.com\/#\/schema\/logo\/image\/\",\"url\":\"https:\/\/myriaformosa.com\/wp-content\/uploads\/2024\/11\/ria_formosa_header_logo.png\",\"contentUrl\":\"https:\/\/myriaformosa.com\/wp-content\/uploads\/2024\/11\/ria_formosa_header_logo.png\",\"width\":188,\"height\":56,\"caption\":\"myriaformosa\"},\"image\":{\"@id\":\"https:\/\/myriaformosa.com\/#\/schema\/logo\/image\/\"}}]}<\/script>\n<!-- \/ Yoast SEO Premium plugin. -->","yoast_head_json":{"title":"Ria Formosa: uma das 7 Maravilhas Naturais de Portugal","description":"Bem-vindo \u00e0 Ria Formosa - uma das sete maravilhas naturais de Portugal que cativa o visitante com as suas paisagens deslumbrantes, praias de areia branca, ilhas barreira, \u00e1guas cristalinas, biodiversidade e cultura \u00fanicas.","robots":{"index":"index","follow":"follow","max-snippet":"max-snippet:-1","max-image-preview":"max-image-preview:large","max-video-preview":"max-video-preview:-1"},"canonical":"https:\/\/myriaformosa.com\/pt\/experiencias\/experiencia-quinta-do-lago\/","og_locale":"pt_PT","og_type":"article","og_title":"Quinta do Lago","og_description":"Bem-vindo \u00e0 Ria Formosa - uma das sete maravilhas naturais de Portugal que cativa o visitante com as suas paisagens deslumbrantes, praias de areia branca, ilhas barreira, \u00e1guas cristalinas, biodiversidade e cultura \u00fanicas.","og_url":"https:\/\/myriaformosa.com\/pt\/experiencias\/experiencia-quinta-do-lago\/","og_site_name":"myriaformosa","article_modified_time":"2025-03-14T18:06:23+00:00","og_image":[{"width":387,"height":355,"url":"https:\/\/myriaformosa.com\/wp-content\/uploads\/2025\/02\/card_exp_qdl.jpg","type":"image\/jpeg"}],"twitter_card":"summary_large_image","twitter_misc":{"Est. reading time":"1 minuto"},"schema":{"@context":"https:\/\/schema.org","@graph":[{"@type":"WebPage","@id":"https:\/\/myriaformosa.com\/pt\/experiencias\/experiencia-quinta-do-lago\/","url":"https:\/\/myriaformosa.com\/pt\/experiencias\/experiencia-quinta-do-lago\/","name":"Ria Formosa: uma das 7 Maravilhas Naturais de Portugal","isPartOf":{"@id":"https:\/\/myriaformosa.com\/#website"},"primaryImageOfPage":{"@id":"https:\/\/myriaformosa.com\/pt\/experiencias\/experiencia-quinta-do-lago\/#primaryimage"},"image":{"@id":"https:\/\/myriaformosa.com\/pt\/experiencias\/experiencia-quinta-do-lago\/#primaryimage"},"thumbnailUrl":"https:\/\/myriaformosa.com\/wp-content\/uploads\/2025\/02\/card_exp_qdl.jpg","datePublished":"2025-01-04T03:33:26+00:00","dateModified":"2025-03-14T18:06:23+00:00","description":"Bem-vindo \u00e0 Ria Formosa - uma das sete maravilhas naturais de Portugal que cativa o visitante com as suas paisagens deslumbrantes, praias de areia branca, ilhas barreira, \u00e1guas cristalinas, biodiversidade e cultura \u00fanicas.","breadcrumb":{"@id":"https:\/\/myriaformosa.com\/pt\/experiencias\/experiencia-quinta-do-lago\/#breadcrumb"},"inLanguage":"pt-PT","potentialAction":[{"@type":"ReadAction","target":["https:\/\/myriaformosa.com\/pt\/experiencias\/experiencia-quinta-do-lago\/"]}]},{"@type":"ImageObject","inLanguage":"pt-PT","@id":"https:\/\/myriaformosa.com\/pt\/experiencias\/experiencia-quinta-do-lago\/#primaryimage","url":"https:\/\/myriaformosa.com\/wp-content\/uploads\/2025\/02\/card_exp_qdl.jpg","contentUrl":"https:\/\/myriaformosa.com\/wp-content\/uploads\/2025\/02\/card_exp_qdl.jpg","width":387,"height":355},{"@type":"BreadcrumbList","@id":"https:\/\/myriaformosa.com\/pt\/experiencias\/experiencia-quinta-do-lago\/#breadcrumb","itemListElement":[{"@type":"ListItem","position":1,"name":"Home","item":"https:\/\/myriaformosa.com\/"},{"@type":"ListItem","position":2,"name":"Experi\u00eancias","item":"https:\/\/myriaformosa.com\/pt\/experiencias\/"},{"@type":"ListItem","position":3,"name":"Quinta do Lago"}]},{"@type":"WebSite","@id":"https:\/\/myriaformosa.com\/#website","url":"https:\/\/myriaformosa.com\/","name":"myriaformosa","description":"Ria Formosa: uma das 7 Maravilhas Naturais de Portugal","publisher":{"@id":"https:\/\/myriaformosa.com\/#organization"},"potentialAction":[{"@type":"SearchAction","target":{"@type":"EntryPoint","urlTemplate":"https:\/\/myriaformosa.com\/?s={search_term_string}"},"query-input":{"@type":"PropertyValueSpecification","valueRequired":true,"valueName":"search_term_string"}}],"inLanguage":"pt-PT"},{"@type":"Organization","@id":"https:\/\/myriaformosa.com\/#organization","name":"myriaformosa","url":"https:\/\/myriaformosa.com\/","logo":{"@type":"ImageObject","inLanguage":"pt-PT","@id":"https:\/\/myriaformosa.com\/#\/schema\/logo\/image\/","url":"https:\/\/myriaformosa.com\/wp-content\/uploads\/2024\/11\/ria_formosa_header_logo.png","contentUrl":"https:\/\/myriaformosa.com\/wp-content\/uploads\/2024\/11\/ria_formosa_header_logo.png","width":188,"height":56,"caption":"myriaformosa"},"image":{"@id":"https:\/\/myriaformosa.com\/#\/schema\/logo\/image\/"}}]}},"_links":{"self":[{"href":"https:\/\/myriaformosa.com\/pt\/wp-json\/wp\/v2\/pages\/3014"}],"collection":[{"href":"https:\/\/myriaformosa.com\/pt\/wp-json\/wp\/v2\/pages"}],"about":[{"href":"https:\/\/myriaformosa.com\/pt\/wp-json\/wp\/v2\/types\/page"}],"author":[{"embeddable":true,"href":"https:\/\/myriaformosa.com\/pt\/wp-json\/wp\/v2\/users\/2"}],"replies":[{"embeddable":true,"href":"https:\/\/myriaformosa.com\/pt\/wp-json\/wp\/v2\/comments?post=3014"}],"version-history":[{"count":20,"href":"https:\/\/myriaformosa.com\/pt\/wp-json\/wp\/v2\/pages\/3014\/revisions"}],"predecessor-version":[{"id":4518,"href":"https:\/\/myriaformosa.com\/pt\/wp-json\/wp\/v2\/pages\/3014\/revisions\/4518"}],"up":[{"embeddable":true,"href":"https:\/\/myriaformosa.com\/pt\/wp-json\/wp\/v2\/pages\/2622"}],"wp:featuredmedia":[{"embeddable":true,"href":"https:\/\/myriaformosa.com\/pt\/wp-json\/wp\/v2\/media\/4105"}],"wp:attachment":[{"href":"https:\/\/myriaformosa.com\/pt\/wp-json\/wp\/v2\/media?parent=3014"}],"curies":[{"name":"wp","href":"https:\/\/api.w.org\/{rel}","templated":true}]}}