{"id":4200,"date":"2025-02-27T21:28:28","date_gmt":"2025-02-27T21:28:28","guid":{"rendered":"https:\/\/myriaformosa.com\/?page_id=4200"},"modified":"2025-03-14T18:33:25","modified_gmt":"2025-03-14T18:33:25","slug":"experiencia-ria-formosa","status":"publish","type":"page","link":"https:\/\/myriaformosa.com\/en\/experiences\/experience-ria-formosa\/","title":{"rendered":"Ria Formosa"},"content":{"rendered":"<div data-elementor-type=\"wp-page\" data-elementor-id=\"4200\" class=\"elementor elementor-4200\" data-elementor-post-type=\"page\">\n\t\t\t\t<div class=\"elementor-element elementor-element-72b630a e-flex e-con-boxed e-con e-parent\" data-id=\"72b630a\" data-element_type=\"container\" data-settings=\"{&quot;background_background&quot;:&quot;classic&quot;}\">\n\t\t\t\t\t<div class=\"e-con-inner\">\n\t\t\t\t<div class=\"elementor-element elementor-element-1b2bfcf elementor-widget__width-initial elementor-widget-tablet__width-initial elementor-widget-mobile__width-initial elementor-widget elementor-widget-heading\" data-id=\"1b2bfcf\" data-element_type=\"widget\" data-widget_type=\"heading.default\">\n\t\t\t\t<div class=\"elementor-widget-container\">\n\t\t\t<h1 class=\"elementor-heading-title elementor-size-default\">Ria Formosa: unique experiences in the heart of nature<\/h1>\t\t<\/div>\n\t\t\t\t<\/div>\n\t\t\t\t\t<\/div>\n\t\t\t\t<\/div>\n\t\t<div class=\"elementor-element elementor-element-8cfd0d3 e-flex e-con-boxed e-con e-parent\" data-id=\"8cfd0d3\" data-element_type=\"container\" data-settings=\"{&quot;background_background&quot;:&quot;classic&quot;}\">\n\t\t\t\t\t<div class=\"e-con-inner\">\n\t\t<div class=\"elementor-element elementor-element-a2d9893 e-con-full e-flex e-con e-child\" data-id=\"a2d9893\" data-element_type=\"container\">\n\t\t\t\t<div class=\"elementor-element elementor-element-34f6e88 elementor-align-left custom_bread page_bread elementor-widget elementor-widget-breadcrumbs\" data-id=\"34f6e88\" data-element_type=\"widget\" data-widget_type=\"breadcrumbs.default\">\n\t\t\t\t<div class=\"elementor-widget-container\">\n\t\t\t<p id=\"breadcrumbs\"><span><span><a href=\"https:\/\/myriaformosa.com\/en\/\">Home<\/a><\/span><\/span><\/p>\t\t<\/div>\n\t\t\t\t<\/div>\n\t\t\t\t<div class=\"elementor-element elementor-element-2e1cd6d elementor-widget elementor-widget-heading\" data-id=\"2e1cd6d\" data-element_type=\"widget\" data-widget_type=\"heading.default\">\n\t\t\t\t<div class=\"elementor-widget-container\">\n\t\t\t<h2 class=\"elementor-heading-title elementor-size-default\">Explore the Ria Formosa from Quinta do Lago to Cacela Velha and enjoy unique experiences.<\/h2>\t\t<\/div>\n\t\t\t\t<\/div>\n\t\t\t\t<div class=\"elementor-element elementor-element-94405a3 elementor-widget elementor-widget-text-editor\" data-id=\"94405a3\" data-element_type=\"widget\" data-widget_type=\"text-editor.default\">\n\t\t\t\t<div class=\"elementor-widget-container\">\n\t\t\t\t\t\t\t<p>You can take boat trips between paradisiacal islands, spot rare birds and dolphins, kayak along serene canals and enjoy scenic trails alongside unspoilt nature.<\/p>\t\t\t\t\t\t<\/div>\n\t\t\t\t<\/div>\n\t\t\t\t<\/div>\n\t\t\t\t\t<\/div>\n\t\t\t\t<\/div>\n\t\t<div class=\"elementor-element elementor-element-412241a e-flex e-con-boxed e-con e-parent\" data-id=\"412241a\" data-element_type=\"container\">\n\t\t\t\t\t<div class=\"e-con-inner\">\n\t\t<div class=\"elementor-element elementor-element-22ba3f5 e-con-full e-flex e-con e-child\" data-id=\"22ba3f5\" data-element_type=\"container\">\n\t\t\t\t<div class=\"elementor-element elementor-element-959a5b3 elementor-widget elementor-widget-heading\" data-id=\"959a5b3\" data-element_type=\"widget\" data-widget_type=\"heading.default\">\n\t\t\t\t<div class=\"elementor-widget-container\">\n\t\t\t<h4 class=\"elementor-heading-title elementor-size-default\">Choose your experience<\/h4>\t\t<\/div>\n\t\t\t\t<\/div>\n\t\t\t\t<\/div>\n\t\t\t\t<div class=\"elementor-element elementor-element-240c276 elementor-widget__width-inherit elementor-widget elementor-widget-html\" data-id=\"240c276\" data-element_type=\"widget\" data-no-translation=\"\" data-widget_type=\"html.default\">\n\t\t\t\t<div class=\"elementor-widget-container\">\n\t\t\t<style>.elementor-element-240c276{display:none !important}<\/style>\t\t<\/div>\n\t\t\t\t<\/div>\n\t\t\t\t<div class=\"elementor-element elementor-element-36387dc elementor-widget__width-inherit elementor-widget elementor-widget-html\" data-id=\"36387dc\" data-element_type=\"widget\" data-no-translation=\"\" data-widget_type=\"html.default\">\n\t\t\t\t<div class=\"elementor-widget-container\">\n\t\t\t<style>.elementor-element-36387dc{display:none !important}<\/style>\t\t<\/div>\n\t\t\t\t<\/div>\n\t\t\t\t<div class=\"elementor-element elementor-element-c44eb3c elementor-widget__width-inherit elementor-widget elementor-widget-html\" data-id=\"c44eb3c\" data-element_type=\"widget\" data-no-translation=\"\" data-widget_type=\"html.default\">\n\t\t\t\t<div class=\"elementor-widget-container\">\n\t\t\t<style>.elementor-element-c44eb3c{display:none !important}<\/style>\t\t<\/div>\n\t\t\t\t<\/div>\n\t\t\t\t<div class=\"elementor-element elementor-element-26d9835 elementor-widget__width-inherit elementor-widget elementor-widget-html\" data-id=\"26d9835\" data-element_type=\"widget\" data-no-translation=\"\" data-widget_type=\"html.default\">\n\t\t\t\t<div class=\"elementor-widget-container\">\n\t\t\t<div data-gyg-href=\"https:\/\/widget.getyourguide.com\/default\/activities.frame\" data-gyg-locale-code=\"es-ES\" data-gyg-widget=\"activities\" data-gyg-number-of-items=\"200\" data-gyg-partner-id=\"CFVXBIH\" data-gyg-q=\"Ria Formosa\"><span>Powered by <a target=\"_blank\" rel=\"sponsored\" href=\"https:\/\/www.getyourguide.com\/ria-formosa-l4905\/\">GetYourGuide<\/a><\/span><\/div>\t\t<\/div>\n\t\t\t\t<\/div>\n\t\t\t\t<div class=\"elementor-element elementor-element-11bf9ba elementor-widget__width-inherit elementor-widget elementor-widget-html\" data-id=\"11bf9ba\" data-element_type=\"widget\" data-no-translation=\"\" data-widget_type=\"html.default\">\n\t\t\t\t<div class=\"elementor-widget-container\">\n\t\t\t<style>.elementor-element-11bf9ba{display:none !important}<\/style>\t\t<\/div>\n\t\t\t\t<\/div>\n\t\t\t\t\t<\/div>\n\t\t\t\t<\/div>\n\t\t\t\t<\/div>","protected":false},"excerpt":{"rendered":"<p>Ria Formosa: experi\u00eancias \u00fanicas em plena natureza Explore a Ria Formosa, desde a Quinta do Lago at\u00e9 Cacela Velha e viva experi\u00eancias \u00fanicas. Pode fazer passeios de barco entre ilhas paradis\u00edacas, observar aves raras e golfinhos, praticar caiaque pelos canais serenos e desfrutar de trilhos panor\u00e2micos junto \u00e0 natureza intocada. Escolha a sua Experi\u00eancia Powered [&hellip;]<\/p>","protected":false},"author":2,"featured_media":4202,"parent":2622,"menu_order":6,"comment_status":"closed","ping_status":"closed","template":"elementor_header_footer","meta":{"footnotes":""},"class_list":["post-4200","page","type-page","status-publish","has-post-thumbnail","hentry"],"yoast_head":"<!-- This site is optimized with the Yoast SEO Premium plugin v20.5 (Yoast SEO v23.8) - https:\/\/yoast.com\/wordpress\/plugins\/seo\/ -->\n<title>Ria Formosa: uma das 7 Maravilhas Naturais de Portugal<\/title>\n<meta name=\"description\" content=\"Bem-vindo \u00e0 Ria Formosa - uma das sete maravilhas naturais de Portugal que cativa o visitante com as suas paisagens deslumbrantes, praias de areia branca, ilhas barreira, \u00e1guas cristalinas, biodiversidade e cultura \u00fanicas.\" \/>\n<meta name=\"robots\" content=\"index, follow, max-snippet:-1, max-image-preview:large, max-video-preview:-1\" \/>\n<link rel=\"canonical\" href=\"https:\/\/myriaformosa.com\/en\/experiences\/experience-ria-formosa\/\" \/>\n<meta property=\"og:locale\" content=\"en_GB\" \/>\n<meta property=\"og:type\" content=\"article\" \/>\n<meta property=\"og:title\" content=\"Ria Formosa\" \/>\n<meta property=\"og:description\" content=\"Bem-vindo \u00e0 Ria Formosa - uma das sete maravilhas naturais de Portugal que cativa o visitante com as suas paisagens deslumbrantes, praias de areia branca, ilhas barreira, \u00e1guas cristalinas, biodiversidade e cultura \u00fanicas.\" \/>\n<meta property=\"og:url\" content=\"https:\/\/myriaformosa.com\/en\/experiences\/experience-ria-formosa\/\" \/>\n<meta property=\"og:site_name\" content=\"myriaformosa\" \/>\n<meta property=\"article:modified_time\" content=\"2025-03-14T18:33:25+00:00\" \/>\n<meta property=\"og:image\" content=\"https:\/\/myriaformosa.com\/wp-content\/uploads\/2025\/02\/card_exp_riaformosa.jpg\" \/>\n\t<meta property=\"og:image:width\" content=\"387\" \/>\n\t<meta property=\"og:image:height\" content=\"355\" \/>\n\t<meta property=\"og:image:type\" content=\"image\/jpeg\" \/>\n<meta name=\"twitter:card\" content=\"summary_large_image\" \/>\n<meta name=\"twitter:label1\" content=\"Est. reading time\" \/>\n\t<meta name=\"twitter:data1\" content=\"1 minute\" \/>\n<script type=\"application\/ld+json\" class=\"yoast-schema-graph\">{\"@context\":\"https:\/\/schema.org\",\"@graph\":[{\"@type\":\"WebPage\",\"@id\":\"https:\/\/myriaformosa.com\/pt\/experiencias\/experiencia-ria-formosa\/\",\"url\":\"https:\/\/myriaformosa.com\/pt\/experiencias\/experiencia-ria-formosa\/\",\"name\":\"Ria Formosa: uma das 7 Maravilhas Naturais de Portugal\",\"isPartOf\":{\"@id\":\"https:\/\/myriaformosa.com\/#website\"},\"primaryImageOfPage\":{\"@id\":\"https:\/\/myriaformosa.com\/pt\/experiencias\/experiencia-ria-formosa\/#primaryimage\"},\"image\":{\"@id\":\"https:\/\/myriaformosa.com\/pt\/experiencias\/experiencia-ria-formosa\/#primaryimage\"},\"thumbnailUrl\":\"https:\/\/myriaformosa.com\/wp-content\/uploads\/2025\/02\/card_exp_riaformosa.jpg\",\"datePublished\":\"2025-02-27T21:28:28+00:00\",\"dateModified\":\"2025-03-14T18:33:25+00:00\",\"description\":\"Bem-vindo \u00e0 Ria Formosa - uma das sete maravilhas naturais de Portugal que cativa o visitante com as suas paisagens deslumbrantes, praias de areia branca, ilhas barreira, \u00e1guas cristalinas, biodiversidade e cultura \u00fanicas.\",\"breadcrumb\":{\"@id\":\"https:\/\/myriaformosa.com\/pt\/experiencias\/experiencia-ria-formosa\/#breadcrumb\"},\"inLanguage\":\"en-GB\",\"potentialAction\":[{\"@type\":\"ReadAction\",\"target\":[\"https:\/\/myriaformosa.com\/pt\/experiencias\/experiencia-ria-formosa\/\"]}]},{\"@type\":\"ImageObject\",\"inLanguage\":\"en-GB\",\"@id\":\"https:\/\/myriaformosa.com\/pt\/experiencias\/experiencia-ria-formosa\/#primaryimage\",\"url\":\"https:\/\/myriaformosa.com\/wp-content\/uploads\/2025\/02\/card_exp_riaformosa.jpg\",\"contentUrl\":\"https:\/\/myriaformosa.com\/wp-content\/uploads\/2025\/02\/card_exp_riaformosa.jpg\",\"width\":387,\"height\":355},{\"@type\":\"BreadcrumbList\",\"@id\":\"https:\/\/myriaformosa.com\/pt\/experiencias\/experiencia-ria-formosa\/#breadcrumb\",\"itemListElement\":[{\"@type\":\"ListItem\",\"position\":1,\"name\":\"Home\",\"item\":\"https:\/\/myriaformosa.com\/\"},{\"@type\":\"ListItem\",\"position\":2,\"name\":\"Experi\u00eancias\",\"item\":\"https:\/\/myriaformosa.com\/pt\/experiencias\/\"},{\"@type\":\"ListItem\",\"position\":3,\"name\":\"Ria Formosa\"}]},{\"@type\":\"WebSite\",\"@id\":\"https:\/\/myriaformosa.com\/#website\",\"url\":\"https:\/\/myriaformosa.com\/\",\"name\":\"myriaformosa\",\"description\":\"Ria Formosa: uma das 7 Maravilhas Naturais de Portugal\",\"publisher\":{\"@id\":\"https:\/\/myriaformosa.com\/#organization\"},\"potentialAction\":[{\"@type\":\"SearchAction\",\"target\":{\"@type\":\"EntryPoint\",\"urlTemplate\":\"https:\/\/myriaformosa.com\/?s={search_term_string}\"},\"query-input\":{\"@type\":\"PropertyValueSpecification\",\"valueRequired\":true,\"valueName\":\"search_term_string\"}}],\"inLanguage\":\"en-GB\"},{\"@type\":\"Organization\",\"@id\":\"https:\/\/myriaformosa.com\/#organization\",\"name\":\"myriaformosa\",\"url\":\"https:\/\/myriaformosa.com\/\",\"logo\":{\"@type\":\"ImageObject\",\"inLanguage\":\"en-GB\",\"@id\":\"https:\/\/myriaformosa.com\/#\/schema\/logo\/image\/\",\"url\":\"https:\/\/myriaformosa.com\/wp-content\/uploads\/2024\/11\/ria_formosa_header_logo.png\",\"contentUrl\":\"https:\/\/myriaformosa.com\/wp-content\/uploads\/2024\/11\/ria_formosa_header_logo.png\",\"width\":188,\"height\":56,\"caption\":\"myriaformosa\"},\"image\":{\"@id\":\"https:\/\/myriaformosa.com\/#\/schema\/logo\/image\/\"}}]}<\/script>\n<!-- \/ Yoast SEO Premium plugin. -->","yoast_head_json":{"title":"Ria Formosa: uma das 7 Maravilhas Naturais de Portugal","description":"Bem-vindo \u00e0 Ria Formosa - uma das sete maravilhas naturais de Portugal que cativa o visitante com as suas paisagens deslumbrantes, praias de areia branca, ilhas barreira, \u00e1guas cristalinas, biodiversidade e cultura \u00fanicas.","robots":{"index":"index","follow":"follow","max-snippet":"max-snippet:-1","max-image-preview":"max-image-preview:large","max-video-preview":"max-video-preview:-1"},"canonical":"https:\/\/myriaformosa.com\/en\/experiences\/experience-ria-formosa\/","og_locale":"en_GB","og_type":"article","og_title":"Ria Formosa","og_description":"Bem-vindo \u00e0 Ria Formosa - uma das sete maravilhas naturais de Portugal que cativa o visitante com as suas paisagens deslumbrantes, praias de areia branca, ilhas barreira, \u00e1guas cristalinas, biodiversidade e cultura \u00fanicas.","og_url":"https:\/\/myriaformosa.com\/en\/experiences\/experience-ria-formosa\/","og_site_name":"myriaformosa","article_modified_time":"2025-03-14T18:33:25+00:00","og_image":[{"width":387,"height":355,"url":"https:\/\/myriaformosa.com\/wp-content\/uploads\/2025\/02\/card_exp_riaformosa.jpg","type":"image\/jpeg"}],"twitter_card":"summary_large_image","twitter_misc":{"Est. reading time":"1 minute"},"schema":{"@context":"https:\/\/schema.org","@graph":[{"@type":"WebPage","@id":"https:\/\/myriaformosa.com\/pt\/experiencias\/experiencia-ria-formosa\/","url":"https:\/\/myriaformosa.com\/pt\/experiencias\/experiencia-ria-formosa\/","name":"Ria Formosa: uma das 7 Maravilhas Naturais de Portugal","isPartOf":{"@id":"https:\/\/myriaformosa.com\/#website"},"primaryImageOfPage":{"@id":"https:\/\/myriaformosa.com\/pt\/experiencias\/experiencia-ria-formosa\/#primaryimage"},"image":{"@id":"https:\/\/myriaformosa.com\/pt\/experiencias\/experiencia-ria-formosa\/#primaryimage"},"thumbnailUrl":"https:\/\/myriaformosa.com\/wp-content\/uploads\/2025\/02\/card_exp_riaformosa.jpg","datePublished":"2025-02-27T21:28:28+00:00","dateModified":"2025-03-14T18:33:25+00:00","description":"Bem-vindo \u00e0 Ria Formosa - uma das sete maravilhas naturais de Portugal que cativa o visitante com as suas paisagens deslumbrantes, praias de areia branca, ilhas barreira, \u00e1guas cristalinas, biodiversidade e cultura \u00fanicas.","breadcrumb":{"@id":"https:\/\/myriaformosa.com\/pt\/experiencias\/experiencia-ria-formosa\/#breadcrumb"},"inLanguage":"en-GB","potentialAction":[{"@type":"ReadAction","target":["https:\/\/myriaformosa.com\/pt\/experiencias\/experiencia-ria-formosa\/"]}]},{"@type":"ImageObject","inLanguage":"en-GB","@id":"https:\/\/myriaformosa.com\/pt\/experiencias\/experiencia-ria-formosa\/#primaryimage","url":"https:\/\/myriaformosa.com\/wp-content\/uploads\/2025\/02\/card_exp_riaformosa.jpg","contentUrl":"https:\/\/myriaformosa.com\/wp-content\/uploads\/2025\/02\/card_exp_riaformosa.jpg","width":387,"height":355},{"@type":"BreadcrumbList","@id":"https:\/\/myriaformosa.com\/pt\/experiencias\/experiencia-ria-formosa\/#breadcrumb","itemListElement":[{"@type":"ListItem","position":1,"name":"Home","item":"https:\/\/myriaformosa.com\/"},{"@type":"ListItem","position":2,"name":"Experi\u00eancias","item":"https:\/\/myriaformosa.com\/pt\/experiencias\/"},{"@type":"ListItem","position":3,"name":"Ria Formosa"}]},{"@type":"WebSite","@id":"https:\/\/myriaformosa.com\/#website","url":"https:\/\/myriaformosa.com\/","name":"myriaformosa","description":"Ria Formosa: uma das 7 Maravilhas Naturais de Portugal","publisher":{"@id":"https:\/\/myriaformosa.com\/#organization"},"potentialAction":[{"@type":"SearchAction","target":{"@type":"EntryPoint","urlTemplate":"https:\/\/myriaformosa.com\/?s={search_term_string}"},"query-input":{"@type":"PropertyValueSpecification","valueRequired":true,"valueName":"search_term_string"}}],"inLanguage":"en-GB"},{"@type":"Organization","@id":"https:\/\/myriaformosa.com\/#organization","name":"myriaformosa","url":"https:\/\/myriaformosa.com\/","logo":{"@type":"ImageObject","inLanguage":"en-GB","@id":"https:\/\/myriaformosa.com\/#\/schema\/logo\/image\/","url":"https:\/\/myriaformosa.com\/wp-content\/uploads\/2024\/11\/ria_formosa_header_logo.png","contentUrl":"https:\/\/myriaformosa.com\/wp-content\/uploads\/2024\/11\/ria_formosa_header_logo.png","width":188,"height":56,"caption":"myriaformosa"},"image":{"@id":"https:\/\/myriaformosa.com\/#\/schema\/logo\/image\/"}}]}},"_links":{"self":[{"href":"https:\/\/myriaformosa.com\/en\/wp-json\/wp\/v2\/pages\/4200"}],"collection":[{"href":"https:\/\/myriaformosa.com\/en\/wp-json\/wp\/v2\/pages"}],"about":[{"href":"https:\/\/myriaformosa.com\/en\/wp-json\/wp\/v2\/types\/page"}],"author":[{"embeddable":true,"href":"https:\/\/myriaformosa.com\/en\/wp-json\/wp\/v2\/users\/2"}],"replies":[{"embeddable":true,"href":"https:\/\/myriaformosa.com\/en\/wp-json\/wp\/v2\/comments?post=4200"}],"version-history":[{"count":13,"href":"https:\/\/myriaformosa.com\/en\/wp-json\/wp\/v2\/pages\/4200\/revisions"}],"predecessor-version":[{"id":4534,"href":"https:\/\/myriaformosa.com\/en\/wp-json\/wp\/v2\/pages\/4200\/revisions\/4534"}],"up":[{"embeddable":true,"href":"https:\/\/myriaformosa.com\/en\/wp-json\/wp\/v2\/pages\/2622"}],"wp:featuredmedia":[{"embeddable":true,"href":"https:\/\/myriaformosa.com\/en\/wp-json\/wp\/v2\/media\/4202"}],"wp:attachment":[{"href":"https:\/\/myriaformosa.com\/en\/wp-json\/wp\/v2\/media?parent=4200"}],"curies":[{"name":"wp","href":"https:\/\/api.w.org\/{rel}","templated":true}]}}